{"id":14163,"date":"2024-01-02T14:00:49","date_gmt":"2024-01-02T13:00:49","guid":{"rendered":"https:\/\/3iexport.com\/?post_type=product&#038;p=14163"},"modified":"2024-01-09T14:28:52","modified_gmt":"2024-01-09T13:28:52","slug":"colle-pour-pvc","status":"publish","type":"product","link":"https:\/\/3iexport.com\/en\/product\/colle-pour-pvc\/","title":{"rendered":"PVC Adhesive"},"content":{"rendered":"","protected":false},"excerpt":{"rendered":"<p>Type: Gel<br \/>\n\u2022 Use: For rigid PVC pipes and fittings<br \/>\n\u2022 Composition: Unplasticized polyvinyl chloride, strong solvents<br \/>\n\u2022 Propri\u00e9t\u00e9s : Ne coule pas, non adapt\u00e9e pour tubes et raccords d&#8217;eau potable<br \/>\n\u2022 Temp\u00e9rature d&#8217;utilisation : Convient pour la distribution de l&#8217;eau jusqu&#8217;\u00e0 +60 \u00b0C<br \/>\n\u2022 Certification: CSTB n\u00b0 03AD04<br \/>\n\u2022 Does not contain THF (Tetrahydrofuran)<br \/>\n\u2022 Warning: Hazardous product, keep out of reach of children<\/p>","protected":false},"featured_media":0,"template":"","meta":[],"product_cat":[101,102],"product_tag":[],"class_list":{"0":"post-14163","1":"product","2":"type-product","3":"status-publish","5":"product_cat-articles-quincaillerie","6":"product_cat-accessoire-sanitaire","8":"first","9":"instock","10":"shipping-taxable","11":"product-type-simple"},"_links":{"self":[{"href":"https:\/\/3iexport.com\/en\/wp-json\/wp\/v2\/product\/14163","targetHints":{"allow":["GET"]}}],"collection":[{"href":"https:\/\/3iexport.com\/en\/wp-json\/wp\/v2\/product"}],"about":[{"href":"https:\/\/3iexport.com\/en\/wp-json\/wp\/v2\/types\/product"}],"wp:attachment":[{"href":"https:\/\/3iexport.com\/en\/wp-json\/wp\/v2\/media?parent=14163"}],"wp:term":[{"taxonomy":"product_cat","embeddable":true,"href":"https:\/\/3iexport.com\/en\/wp-json\/wp\/v2\/product_cat?post=14163"},{"taxonomy":"product_tag","embeddable":true,"href":"https:\/\/3iexport.com\/en\/wp-json\/wp\/v2\/product_tag?post=14163"}],"curies":[{"name":"wp","href":"https:\/\/api.w.org\/{rel}","templated":true}]}}