{"id":14143,"date":"2024-01-02T13:50:27","date_gmt":"2024-01-02T12:50:27","guid":{"rendered":"https:\/\/3iexport.com\/?post_type=product&#038;p=14143"},"modified":"2024-01-02T13:50:27","modified_gmt":"2024-01-02T12:50:27","slug":"robinet-temporise","status":"publish","type":"product","link":"https:\/\/3iexport.com\/en\/product\/robinet-temporise\/","title":{"rendered":"Timed Faucet"},"content":{"rendered":"","protected":false},"excerpt":{"rendered":"<p>Specifications:<br \/>\n\u2022 Type: Push-button Timed Faucet<br \/>\n\u2022 Material: Chrome-plated<br \/>\n\u2022 \u00c9conomie d&#8217;Eau : Con\u00e7u pour r\u00e9duire la consommation d&#8217;eau<\/p>","protected":false},"featured_media":14144,"template":"","meta":[],"product_cat":[90,100],"product_tag":[],"class_list":{"0":"post-14143","1":"product","2":"type-product","3":"status-publish","4":"has-post-thumbnail","6":"product_cat-sanitaire","7":"product_cat-robinet","9":"first","10":"instock","11":"shipping-taxable","12":"product-type-simple"},"_links":{"self":[{"href":"https:\/\/3iexport.com\/en\/wp-json\/wp\/v2\/product\/14143","targetHints":{"allow":["GET"]}}],"collection":[{"href":"https:\/\/3iexport.com\/en\/wp-json\/wp\/v2\/product"}],"about":[{"href":"https:\/\/3iexport.com\/en\/wp-json\/wp\/v2\/types\/product"}],"wp:featuredmedia":[{"embeddable":true,"href":"https:\/\/3iexport.com\/en\/wp-json\/wp\/v2\/media\/14144"}],"wp:attachment":[{"href":"https:\/\/3iexport.com\/en\/wp-json\/wp\/v2\/media?parent=14143"}],"wp:term":[{"taxonomy":"product_cat","embeddable":true,"href":"https:\/\/3iexport.com\/en\/wp-json\/wp\/v2\/product_cat?post=14143"},{"taxonomy":"product_tag","embeddable":true,"href":"https:\/\/3iexport.com\/en\/wp-json\/wp\/v2\/product_tag?post=14143"}],"curies":[{"name":"wp","href":"https:\/\/api.w.org\/{rel}","templated":true}]}}