{"id":14110,"date":"2024-01-02T13:38:25","date_gmt":"2024-01-02T12:38:25","guid":{"rendered":"https:\/\/3iexport.com\/?post_type=product&#038;p=14110"},"modified":"2024-01-09T12:43:45","modified_gmt":"2024-01-09T11:43:45","slug":"lavabo-suspendu-vectra","status":"publish","type":"product","link":"https:\/\/3iexport.com\/en\/product\/lavabo-suspendu-vectra\/","title":{"rendered":"Suspended Washbasin Vectra"},"content":{"rendered":"","protected":false},"excerpt":{"rendered":"<p>Specifications:<br \/>\n\u2022 Dimensions: 45 cm<br \/>\n\u2022 Space and Animation: The 45 cm suspended washbasin Vectra offers \nfunctional space and visual dynamism.<br \/>\n\u2022 Conception Moderne : La s\u00e9rie Vectra pr\u00e9sente des sanitaires suspendus au design contemporain, optimisant l&#8217;espace et insufflant une ambiance l\u00e9g\u00e8re \u00e0 la pi\u00e8ce.<\/p>","protected":false},"featured_media":14111,"template":"","meta":[],"product_cat":[90,97],"product_tag":[],"class_list":{"0":"post-14110","1":"product","2":"type-product","3":"status-publish","4":"has-post-thumbnail","6":"product_cat-sanitaire","7":"product_cat-lavabo","9":"first","10":"instock","11":"shipping-taxable","12":"product-type-simple"},"_links":{"self":[{"href":"https:\/\/3iexport.com\/en\/wp-json\/wp\/v2\/product\/14110","targetHints":{"allow":["GET"]}}],"collection":[{"href":"https:\/\/3iexport.com\/en\/wp-json\/wp\/v2\/product"}],"about":[{"href":"https:\/\/3iexport.com\/en\/wp-json\/wp\/v2\/types\/product"}],"wp:featuredmedia":[{"embeddable":true,"href":"https:\/\/3iexport.com\/en\/wp-json\/wp\/v2\/media\/14111"}],"wp:attachment":[{"href":"https:\/\/3iexport.com\/en\/wp-json\/wp\/v2\/media?parent=14110"}],"wp:term":[{"taxonomy":"product_cat","embeddable":true,"href":"https:\/\/3iexport.com\/en\/wp-json\/wp\/v2\/product_cat?post=14110"},{"taxonomy":"product_tag","embeddable":true,"href":"https:\/\/3iexport.com\/en\/wp-json\/wp\/v2\/product_tag?post=14110"}],"curies":[{"name":"wp","href":"https:\/\/api.w.org\/{rel}","templated":true}]}}