{"id":14108,"date":"2024-01-02T13:37:35","date_gmt":"2024-01-02T12:37:35","guid":{"rendered":"https:\/\/3iexport.com\/?post_type=product&#038;p=14108"},"modified":"2024-01-09T12:41:35","modified_gmt":"2024-01-09T11:41:35","slug":"lavabo-suspendu-fedra","status":"publish","type":"product","link":"https:\/\/3iexport.com\/en\/product\/lavabo-suspendu-fedra\/","title":{"rendered":"Suspended Washbasin Fedra"},"content":{"rendered":"","protected":false},"excerpt":{"rendered":"<p>Specifications:<br \/>\n\u2022 Dimensions: 550x550 mm<br \/>\n\u2022 Universal Design: 55 cm suspended washbasin Fedra with a matching \ncolumn<br \/>\n\u2022 Style Moderne : S\u00e9rie Fedra avec un design suspendu optimisant l&#8217;espace et ajoutant une touche de l\u00e9g\u00e8ret\u00e9.<\/p>","protected":false},"featured_media":14109,"template":"","meta":[],"product_cat":[90,97],"product_tag":[],"class_list":{"0":"post-14108","1":"product","2":"type-product","3":"status-publish","4":"has-post-thumbnail","6":"product_cat-sanitaire","7":"product_cat-lavabo","9":"first","10":"instock","11":"shipping-taxable","12":"product-type-simple"},"_links":{"self":[{"href":"https:\/\/3iexport.com\/en\/wp-json\/wp\/v2\/product\/14108","targetHints":{"allow":["GET"]}}],"collection":[{"href":"https:\/\/3iexport.com\/en\/wp-json\/wp\/v2\/product"}],"about":[{"href":"https:\/\/3iexport.com\/en\/wp-json\/wp\/v2\/types\/product"}],"wp:featuredmedia":[{"embeddable":true,"href":"https:\/\/3iexport.com\/en\/wp-json\/wp\/v2\/media\/14109"}],"wp:attachment":[{"href":"https:\/\/3iexport.com\/en\/wp-json\/wp\/v2\/media?parent=14108"}],"wp:term":[{"taxonomy":"product_cat","embeddable":true,"href":"https:\/\/3iexport.com\/en\/wp-json\/wp\/v2\/product_cat?post=14108"},{"taxonomy":"product_tag","embeddable":true,"href":"https:\/\/3iexport.com\/en\/wp-json\/wp\/v2\/product_tag?post=14108"}],"curies":[{"name":"wp","href":"https:\/\/api.w.org\/{rel}","templated":true}]}}