{"id":14106,"date":"2024-01-02T13:36:28","date_gmt":"2024-01-02T12:36:28","guid":{"rendered":"https:\/\/3iexport.com\/?post_type=product&#038;p=14106"},"modified":"2024-01-09T12:39:51","modified_gmt":"2024-01-09T11:39:51","slug":"lavabo-olympia","status":"publish","type":"product","link":"https:\/\/3iexport.com\/en\/product\/lavabo-olympia\/","title":{"rendered":"Olympia Washbasin"},"content":{"rendered":"","protected":false},"excerpt":{"rendered":"<p>Specifications:<br \/>\n\u2022 Dimensions : 620x500 mm<br \/>\n\u2022 Creative Design: Captivating interplay of shapes between the washbasin \nand column.<br \/>\n\u2022 Conception Moderne : La s\u00e9rie Olympia propose un design suspendu qui optimise l&#8217;espace et ajoute une touche l\u00e9g\u00e8re \u00e0 la pi\u00e8ce.<\/p>","protected":false},"featured_media":14107,"template":"","meta":[],"product_cat":[90,97],"product_tag":[],"class_list":{"0":"post-14106","1":"product","2":"type-product","3":"status-publish","4":"has-post-thumbnail","6":"product_cat-sanitaire","7":"product_cat-lavabo","9":"first","10":"instock","11":"shipping-taxable","12":"product-type-simple"},"_links":{"self":[{"href":"https:\/\/3iexport.com\/en\/wp-json\/wp\/v2\/product\/14106","targetHints":{"allow":["GET"]}}],"collection":[{"href":"https:\/\/3iexport.com\/en\/wp-json\/wp\/v2\/product"}],"about":[{"href":"https:\/\/3iexport.com\/en\/wp-json\/wp\/v2\/types\/product"}],"wp:featuredmedia":[{"embeddable":true,"href":"https:\/\/3iexport.com\/en\/wp-json\/wp\/v2\/media\/14107"}],"wp:attachment":[{"href":"https:\/\/3iexport.com\/en\/wp-json\/wp\/v2\/media?parent=14106"}],"wp:term":[{"taxonomy":"product_cat","embeddable":true,"href":"https:\/\/3iexport.com\/en\/wp-json\/wp\/v2\/product_cat?post=14106"},{"taxonomy":"product_tag","embeddable":true,"href":"https:\/\/3iexport.com\/en\/wp-json\/wp\/v2\/product_tag?post=14106"}],"curies":[{"name":"wp","href":"https:\/\/api.w.org\/{rel}","templated":true}]}}