{"id":14104,"date":"2024-01-02T13:35:32","date_gmt":"2024-01-02T12:35:32","guid":{"rendered":"https:\/\/3iexport.com\/?post_type=product&#038;p=14104"},"modified":"2024-01-09T12:16:21","modified_gmt":"2024-01-09T11:16:21","slug":"lavabo-clizia","status":"publish","type":"product","link":"https:\/\/3iexport.com\/en\/product\/lavabo-clizia\/","title":{"rendered":"Clizia Washbasin"},"content":{"rendered":"","protected":false},"excerpt":{"rendered":"<p>Specifications:<br \/>\n\u2022 Dimensions : 520x540 mm<br \/>\n\u2022 Elegant Design: Beauty and value combined in this washbasin and \ncolumn.<br \/>\n\u2022 Conception Moderne : Un design suspendu de la s\u00e9rie Clizia qui optimise l&#8217;espace tout en ajoutant une touche l\u00e9g\u00e8re \u00e0 la pi\u00e8ce.<\/p>","protected":false},"featured_media":14105,"template":"","meta":[],"product_cat":[90,97],"product_tag":[],"class_list":{"0":"post-14104","1":"product","2":"type-product","3":"status-publish","4":"has-post-thumbnail","6":"product_cat-sanitaire","7":"product_cat-lavabo","9":"first","10":"instock","11":"shipping-taxable","12":"product-type-simple"},"_links":{"self":[{"href":"https:\/\/3iexport.com\/en\/wp-json\/wp\/v2\/product\/14104","targetHints":{"allow":["GET"]}}],"collection":[{"href":"https:\/\/3iexport.com\/en\/wp-json\/wp\/v2\/product"}],"about":[{"href":"https:\/\/3iexport.com\/en\/wp-json\/wp\/v2\/types\/product"}],"wp:featuredmedia":[{"embeddable":true,"href":"https:\/\/3iexport.com\/en\/wp-json\/wp\/v2\/media\/14105"}],"wp:attachment":[{"href":"https:\/\/3iexport.com\/en\/wp-json\/wp\/v2\/media?parent=14104"}],"wp:term":[{"taxonomy":"product_cat","embeddable":true,"href":"https:\/\/3iexport.com\/en\/wp-json\/wp\/v2\/product_cat?post=14104"},{"taxonomy":"product_tag","embeddable":true,"href":"https:\/\/3iexport.com\/en\/wp-json\/wp\/v2\/product_tag?post=14104"}],"curies":[{"name":"wp","href":"https:\/\/api.w.org\/{rel}","templated":true}]}}