{"id":14102,"date":"2024-01-02T13:34:35","date_gmt":"2024-01-02T12:34:35","guid":{"rendered":"https:\/\/3iexport.com\/?post_type=product&#038;p=14102"},"modified":"2024-01-09T12:13:53","modified_gmt":"2024-01-09T11:13:53","slug":"lavabo-suspendu-azur","status":"publish","type":"product","link":"https:\/\/3iexport.com\/en\/product\/lavabo-suspendu-azur\/","title":{"rendered":"Azur Wall-Hung Washbasin"},"content":{"rendered":"","protected":false},"excerpt":{"rendered":"<p>Specifications:<br \/>\n\u2022 Dimensions : 605x480 mm<br \/>\n\u2022 Wall-Mounted Design: Provides visual floor continuity in your bathroom.<br \/>\n\u2022 Design Moderne : Maximise l&#8217;utilisation de l&#8217;espace avec une esth\u00e9tique l\u00e9g\u00e8re et a\u00e9r\u00e9e.<\/p>","protected":false},"featured_media":14103,"template":"","meta":[],"product_cat":[90,97],"product_tag":[],"class_list":{"0":"post-14102","1":"product","2":"type-product","3":"status-publish","4":"has-post-thumbnail","6":"product_cat-sanitaire","7":"product_cat-lavabo","9":"first","10":"instock","11":"shipping-taxable","12":"product-type-simple"},"_links":{"self":[{"href":"https:\/\/3iexport.com\/en\/wp-json\/wp\/v2\/product\/14102","targetHints":{"allow":["GET"]}}],"collection":[{"href":"https:\/\/3iexport.com\/en\/wp-json\/wp\/v2\/product"}],"about":[{"href":"https:\/\/3iexport.com\/en\/wp-json\/wp\/v2\/types\/product"}],"wp:featuredmedia":[{"embeddable":true,"href":"https:\/\/3iexport.com\/en\/wp-json\/wp\/v2\/media\/14103"}],"wp:attachment":[{"href":"https:\/\/3iexport.com\/en\/wp-json\/wp\/v2\/media?parent=14102"}],"wp:term":[{"taxonomy":"product_cat","embeddable":true,"href":"https:\/\/3iexport.com\/en\/wp-json\/wp\/v2\/product_cat?post=14102"},{"taxonomy":"product_tag","embeddable":true,"href":"https:\/\/3iexport.com\/en\/wp-json\/wp\/v2\/product_tag?post=14102"}],"curies":[{"name":"wp","href":"https:\/\/api.w.org\/{rel}","templated":true}]}}