{"id":14100,"date":"2024-01-02T13:33:31","date_gmt":"2024-01-02T12:33:31","guid":{"rendered":"https:\/\/3iexport.com\/?post_type=product&#038;p=14100"},"modified":"2024-01-09T12:09:06","modified_gmt":"2024-01-09T11:09:06","slug":"lavabo-alia","status":"publish","type":"product","link":"https:\/\/3iexport.com\/en\/product\/lavabo-alia\/","title":{"rendered":"Alia Washbasin"},"content":{"rendered":"","protected":false},"excerpt":{"rendered":"<p>Specifications:<br \/>\n\u2022 Dimensions: 540x460 mm<br \/>\n\u2022 Inspired Design: The washbasin and column are meticulously crafted to \nensure visual floor continuity in your bathroom.<br \/>\n\u2022 Utilisation de l&#8217;Espace : Un design moderne qui maximise l&#8217;exploitation de l&#8217;espace tout en offrant une esth\u00e9tique l\u00e9g\u00e8re et \u00e9pur\u00e9e dans la pi\u00e8ce<\/p>","protected":false},"featured_media":14101,"template":"","meta":[],"product_cat":[90,97],"product_tag":[],"class_list":{"0":"post-14100","1":"product","2":"type-product","3":"status-publish","4":"has-post-thumbnail","6":"product_cat-sanitaire","7":"product_cat-lavabo","9":"first","10":"instock","11":"shipping-taxable","12":"product-type-simple"},"_links":{"self":[{"href":"https:\/\/3iexport.com\/en\/wp-json\/wp\/v2\/product\/14100","targetHints":{"allow":["GET"]}}],"collection":[{"href":"https:\/\/3iexport.com\/en\/wp-json\/wp\/v2\/product"}],"about":[{"href":"https:\/\/3iexport.com\/en\/wp-json\/wp\/v2\/types\/product"}],"wp:featuredmedia":[{"embeddable":true,"href":"https:\/\/3iexport.com\/en\/wp-json\/wp\/v2\/media\/14101"}],"wp:attachment":[{"href":"https:\/\/3iexport.com\/en\/wp-json\/wp\/v2\/media?parent=14100"}],"wp:term":[{"taxonomy":"product_cat","embeddable":true,"href":"https:\/\/3iexport.com\/en\/wp-json\/wp\/v2\/product_cat?post=14100"},{"taxonomy":"product_tag","embeddable":true,"href":"https:\/\/3iexport.com\/en\/wp-json\/wp\/v2\/product_tag?post=14100"}],"curies":[{"name":"wp","href":"https:\/\/api.w.org\/{rel}","templated":true}]}}