{"id":14073,"date":"2024-01-02T13:06:47","date_gmt":"2024-01-02T12:06:47","guid":{"rendered":"https:\/\/3iexport.com\/?post_type=product&#038;p=14073"},"modified":"2024-01-09T10:34:24","modified_gmt":"2024-01-09T09:34:24","slug":"evier-de-cuisine-linea","status":"publish","type":"product","link":"https:\/\/3iexport.com\/en\/product\/evier-de-cuisine-linea\/","title":{"rendered":"Linea Kitchen Sink"},"content":{"rendered":"","protected":false},"excerpt":{"rendered":"<p>Specifications:<br \/>\n\u2022 Facilit\u00e9 de Nettoyage : Conception avec un petit rayon dans le coin int\u00e9rieur de l&#8217;\u00e9vier pour un nettoyage ais\u00e9<br \/>\n\u2022 Available Dimensions: 92 x 50 cm and 112 x 50 cm<\/p>","protected":false},"featured_media":14075,"template":"","meta":[],"product_cat":[90,96],"product_tag":[],"class_list":{"0":"post-14073","1":"product","2":"type-product","3":"status-publish","4":"has-post-thumbnail","6":"product_cat-sanitaire","7":"product_cat-evier-de-cuisine","9":"first","10":"instock","11":"shipping-taxable","12":"product-type-simple"},"_links":{"self":[{"href":"https:\/\/3iexport.com\/en\/wp-json\/wp\/v2\/product\/14073","targetHints":{"allow":["GET"]}}],"collection":[{"href":"https:\/\/3iexport.com\/en\/wp-json\/wp\/v2\/product"}],"about":[{"href":"https:\/\/3iexport.com\/en\/wp-json\/wp\/v2\/types\/product"}],"wp:featuredmedia":[{"embeddable":true,"href":"https:\/\/3iexport.com\/en\/wp-json\/wp\/v2\/media\/14075"}],"wp:attachment":[{"href":"https:\/\/3iexport.com\/en\/wp-json\/wp\/v2\/media?parent=14073"}],"wp:term":[{"taxonomy":"product_cat","embeddable":true,"href":"https:\/\/3iexport.com\/en\/wp-json\/wp\/v2\/product_cat?post=14073"},{"taxonomy":"product_tag","embeddable":true,"href":"https:\/\/3iexport.com\/en\/wp-json\/wp\/v2\/product_tag?post=14073"}],"curies":[{"name":"wp","href":"https:\/\/api.w.org\/{rel}","templated":true}]}}