{"id":14069,"date":"2024-01-02T13:03:33","date_gmt":"2024-01-02T12:03:33","guid":{"rendered":"https:\/\/3iexport.com\/?post_type=product&#038;p=14069"},"modified":"2024-01-09T10:11:39","modified_gmt":"2024-01-09T09:11:39","slug":"abattant-wc","status":"publish","type":"product","link":"https:\/\/3iexport.com\/en\/product\/abattant-wc\/","title":{"rendered":"Toilet Seat"},"content":{"rendered":"","protected":false},"excerpt":{"rendered":"<p>Specifications:<br \/>\n\u2022 Design: Sleek and elegant design, specially crafted for individual use.<br \/>\n\u2022 Material: Made from reticulated white wood, seamlessly combining \naesthetic charm and functional utility.<br \/>\n\u2022 R\u00e9sistance : R\u00e9sistant \u00e0 l&#8217;eau et aux produits chimiques, simplifiant le nettoyage.<br \/>\n\u2022 \u00c9cologique : Fabriqu\u00e9 \u00e0 partir de farine de h\u00eatre, ce bois r\u00e9ticul\u00e9 s&#8217;aligne avec les valeurs environnementales.<\/p>","protected":false},"featured_media":14070,"template":"","meta":[],"product_cat":[90,95,106],"product_tag":[],"class_list":{"0":"post-14069","1":"product","2":"type-product","3":"status-publish","4":"has-post-thumbnail","6":"product_cat-sanitaire","7":"product_cat-cuvette-wc","8":"product_cat-abattant-wc","10":"first","11":"instock","12":"shipping-taxable","13":"product-type-simple"},"_links":{"self":[{"href":"https:\/\/3iexport.com\/en\/wp-json\/wp\/v2\/product\/14069","targetHints":{"allow":["GET"]}}],"collection":[{"href":"https:\/\/3iexport.com\/en\/wp-json\/wp\/v2\/product"}],"about":[{"href":"https:\/\/3iexport.com\/en\/wp-json\/wp\/v2\/types\/product"}],"wp:featuredmedia":[{"embeddable":true,"href":"https:\/\/3iexport.com\/en\/wp-json\/wp\/v2\/media\/14070"}],"wp:attachment":[{"href":"https:\/\/3iexport.com\/en\/wp-json\/wp\/v2\/media?parent=14069"}],"wp:term":[{"taxonomy":"product_cat","embeddable":true,"href":"https:\/\/3iexport.com\/en\/wp-json\/wp\/v2\/product_cat?post=14069"},{"taxonomy":"product_tag","embeddable":true,"href":"https:\/\/3iexport.com\/en\/wp-json\/wp\/v2\/product_tag?post=14069"}],"curies":[{"name":"wp","href":"https:\/\/api.w.org\/{rel}","templated":true}]}}