{"id":14067,"date":"2024-01-02T13:02:39","date_gmt":"2024-01-02T12:02:39","guid":{"rendered":"https:\/\/3iexport.com\/?post_type=product&#038;p=14067"},"modified":"2024-01-09T09:53:49","modified_gmt":"2024-01-09T08:53:49","slug":"chauffe-eau-solaire-2","status":"publish","type":"product","link":"https:\/\/3iexport.com\/en\/product\/chauffe-eau-solaire-2\/","title":{"rendered":"SOLAR WATER HEATER"},"content":{"rendered":"","protected":false},"excerpt":{"rendered":"<p>Specifications:<br \/>\n\u2022 Capacity: 200 liters<br \/>\n\u2022 Capteur : 2,01 m\u00b2, adapt\u00e9 aux besoins d&#8217;une famille de 4 personnes<br \/>\n\u2022 Type: Solar water heater +EC+PE (with Heat Exchanger and Electric \nBackup)<br \/>\n\u2022 Fonctionnement : Fonctionne gr\u00e2ce \u00e0 l&#8217;\u00e9nergie solaire et a la possibilit\u00e9 de l&#8217;appoint \u00e9lectrique<\/p>","protected":false},"featured_media":14068,"template":"","meta":[],"product_cat":[90,94],"product_tag":[],"class_list":{"0":"post-14067","1":"product","2":"type-product","3":"status-publish","4":"has-post-thumbnail","6":"product_cat-sanitaire","7":"product_cat-chauffe-bain","9":"first","10":"instock","11":"shipping-taxable","12":"product-type-simple"},"_links":{"self":[{"href":"https:\/\/3iexport.com\/en\/wp-json\/wp\/v2\/product\/14067","targetHints":{"allow":["GET"]}}],"collection":[{"href":"https:\/\/3iexport.com\/en\/wp-json\/wp\/v2\/product"}],"about":[{"href":"https:\/\/3iexport.com\/en\/wp-json\/wp\/v2\/types\/product"}],"wp:featuredmedia":[{"embeddable":true,"href":"https:\/\/3iexport.com\/en\/wp-json\/wp\/v2\/media\/14068"}],"wp:attachment":[{"href":"https:\/\/3iexport.com\/en\/wp-json\/wp\/v2\/media?parent=14067"}],"wp:term":[{"taxonomy":"product_cat","embeddable":true,"href":"https:\/\/3iexport.com\/en\/wp-json\/wp\/v2\/product_cat?post=14067"},{"taxonomy":"product_tag","embeddable":true,"href":"https:\/\/3iexport.com\/en\/wp-json\/wp\/v2\/product_tag?post=14067"}],"curies":[{"name":"wp","href":"https:\/\/api.w.org\/{rel}","templated":true}]}}