{"id":14065,"date":"2024-01-02T13:01:47","date_gmt":"2024-01-02T12:01:47","guid":{"rendered":"https:\/\/3iexport.com\/?post_type=product&#038;p=14065"},"modified":"2024-01-02T13:01:48","modified_gmt":"2024-01-02T12:01:48","slug":"chauffe-eau-solaire","status":"publish","type":"product","link":"https:\/\/3iexport.com\/en\/product\/chauffe-eau-solaire\/","title":{"rendered":"SOLAR WATER HEATER"},"content":{"rendered":"","protected":false},"excerpt":{"rendered":"<p>Specifications:<br \/>\n\u2022 Capacity: 300 liters<br \/>\n\u2022 Capteur : 4,02 m\u00b2, adapt\u00e9 aux besoins d&#8217;une famille de 6 personnes<br \/>\n\u2022 Type: SA Solar Water Heater (No Electric Backup)<br \/>\n\u2022 Fonctionnement : Fonctionne exclusivement gr\u00e2ce \u00e0 l&#8217;\u00e9nergie solaire<\/p>","protected":false},"featured_media":14066,"template":"","meta":[],"product_cat":[90,94],"product_tag":[],"class_list":{"0":"post-14065","1":"product","2":"type-product","3":"status-publish","4":"has-post-thumbnail","6":"product_cat-sanitaire","7":"product_cat-chauffe-bain","9":"first","10":"instock","11":"shipping-taxable","12":"product-type-simple"},"_links":{"self":[{"href":"https:\/\/3iexport.com\/en\/wp-json\/wp\/v2\/product\/14065","targetHints":{"allow":["GET"]}}],"collection":[{"href":"https:\/\/3iexport.com\/en\/wp-json\/wp\/v2\/product"}],"about":[{"href":"https:\/\/3iexport.com\/en\/wp-json\/wp\/v2\/types\/product"}],"wp:featuredmedia":[{"embeddable":true,"href":"https:\/\/3iexport.com\/en\/wp-json\/wp\/v2\/media\/14066"}],"wp:attachment":[{"href":"https:\/\/3iexport.com\/en\/wp-json\/wp\/v2\/media?parent=14065"}],"wp:term":[{"taxonomy":"product_cat","embeddable":true,"href":"https:\/\/3iexport.com\/en\/wp-json\/wp\/v2\/product_cat?post=14065"},{"taxonomy":"product_tag","embeddable":true,"href":"https:\/\/3iexport.com\/en\/wp-json\/wp\/v2\/product_tag?post=14065"}],"curies":[{"name":"wp","href":"https:\/\/api.w.org\/{rel}","templated":true}]}}