{"id":14060,"date":"2024-01-02T12:59:59","date_gmt":"2024-01-02T11:59:59","guid":{"rendered":"https:\/\/3iexport.com\/?post_type=product&#038;p=14060"},"modified":"2024-01-02T13:00:00","modified_gmt":"2024-01-02T12:00:00","slug":"chauffe-eau-electrique-100-l","status":"publish","type":"product","link":"https:\/\/3iexport.com\/en\/product\/chauffe-eau-electrique-100-l\/","title":{"rendered":"ELECTRIC WATER HEATER (100 L)"},"content":{"rendered":"<p>Specifications:<br \/>\n\u2022 Capacity: 100 liters<br \/>\n\u2022 Heating Element: Ceramic integrated within a stainless steel barrel<\/p>","protected":false},"excerpt":{"rendered":"<p>Caract\u00e9ristiques : \u2022 Capacit\u00e9 : 100 litres \u2022 R\u00e9sistance : C\u00e9ramique int\u00e9gr\u00e9e dans un barillet en acier inoxydable<\/p>","protected":false},"featured_media":14061,"template":"","meta":[],"product_cat":[90,94],"product_tag":[],"class_list":{"0":"post-14060","1":"product","2":"type-product","3":"status-publish","4":"has-post-thumbnail","6":"product_cat-sanitaire","7":"product_cat-chauffe-bain","9":"first","10":"instock","11":"shipping-taxable","12":"product-type-simple"},"_links":{"self":[{"href":"https:\/\/3iexport.com\/en\/wp-json\/wp\/v2\/product\/14060","targetHints":{"allow":["GET"]}}],"collection":[{"href":"https:\/\/3iexport.com\/en\/wp-json\/wp\/v2\/product"}],"about":[{"href":"https:\/\/3iexport.com\/en\/wp-json\/wp\/v2\/types\/product"}],"wp:featuredmedia":[{"embeddable":true,"href":"https:\/\/3iexport.com\/en\/wp-json\/wp\/v2\/media\/14061"}],"wp:attachment":[{"href":"https:\/\/3iexport.com\/en\/wp-json\/wp\/v2\/media?parent=14060"}],"wp:term":[{"taxonomy":"product_cat","embeddable":true,"href":"https:\/\/3iexport.com\/en\/wp-json\/wp\/v2\/product_cat?post=14060"},{"taxonomy":"product_tag","embeddable":true,"href":"https:\/\/3iexport.com\/en\/wp-json\/wp\/v2\/product_tag?post=14060"}],"curies":[{"name":"wp","href":"https:\/\/api.w.org\/{rel}","templated":true}]}}