{"id":14030,"date":"2024-01-02T12:45:07","date_gmt":"2024-01-02T11:45:07","guid":{"rendered":"https:\/\/3iexport.com\/?post_type=product&#038;p=14030"},"modified":"2024-01-09T09:28:10","modified_gmt":"2024-01-09T08:28:10","slug":"baignoire-acrylique-marmara","status":"publish","type":"product","link":"https:\/\/3iexport.com\/en\/product\/baignoire-acrylique-marmara\/","title":{"rendered":"Acrylic Bathtub Marmara"},"content":{"rendered":"<p>Specifications:<br \/>\n\u2022 Contenance : 350 litres<br \/>\n\u2022 Dimensions : 180 x 180 cm<br \/>\n\u2022 Systems: Water + Air<br \/>\n\u2022 Jets : 10 buses et 17 jets d&#8217;air<br \/>\nAvantages de l&#8217;Acrylique :<br \/>\n\u2022 Easy maintenance, retains shine with a simple damp cloth<br \/>\n\u2022 Bon isolant pour des \u00e9conomies d&#8217;eau et d&#8217;\u00e9nergie<br \/>\n\u2022 Excellent dimensional stability under heat<br \/>\n\u2022 Resistant to rust and chemical substances<br \/>\n\u2022 Lightweight and slip-resistant<br \/>\n\u2022 Highly impact-resistant, maintaining properties indefinitely<\/p>","protected":false},"excerpt":{"rendered":"<p>Safety Instructions:<br \/>\n\u2022 Grounded electrical installation<br \/>\n\u2022 Monophasic electrical supply with grounding at 230 V, 50 Hz below the bathtub<br \/>\n\u2022 Electrical supply protected by a 30 mA differential circuit breaker \nconnected to the junction box via a 3*2.5 mm2 conductor<br \/>\n\u2022 Utilisation d&#8217;une bo\u00eete de raccordement \u00e9tanche pour l&#8217;alimentation \u00e9lectrique<\/p>","protected":false},"featured_media":14031,"template":"","meta":[],"product_cat":[90,92],"product_tag":[],"class_list":{"0":"post-14030","1":"product","2":"type-product","3":"status-publish","4":"has-post-thumbnail","6":"product_cat-sanitaire","7":"product_cat-baignoire","9":"first","10":"instock","11":"shipping-taxable","12":"product-type-simple"},"_links":{"self":[{"href":"https:\/\/3iexport.com\/en\/wp-json\/wp\/v2\/product\/14030","targetHints":{"allow":["GET"]}}],"collection":[{"href":"https:\/\/3iexport.com\/en\/wp-json\/wp\/v2\/product"}],"about":[{"href":"https:\/\/3iexport.com\/en\/wp-json\/wp\/v2\/types\/product"}],"wp:featuredmedia":[{"embeddable":true,"href":"https:\/\/3iexport.com\/en\/wp-json\/wp\/v2\/media\/14031"}],"wp:attachment":[{"href":"https:\/\/3iexport.com\/en\/wp-json\/wp\/v2\/media?parent=14030"}],"wp:term":[{"taxonomy":"product_cat","embeddable":true,"href":"https:\/\/3iexport.com\/en\/wp-json\/wp\/v2\/product_cat?post=14030"},{"taxonomy":"product_tag","embeddable":true,"href":"https:\/\/3iexport.com\/en\/wp-json\/wp\/v2\/product_tag?post=14030"}],"curies":[{"name":"wp","href":"https:\/\/api.w.org\/{rel}","templated":true}]}}