{"id":14026,"date":"2024-01-02T12:43:21","date_gmt":"2024-01-02T11:43:21","guid":{"rendered":"https:\/\/3iexport.com\/?post_type=product&#038;p=14026"},"modified":"2024-01-02T12:43:22","modified_gmt":"2024-01-02T11:43:22","slug":"baignoire-acrylique-madeleine","status":"publish","type":"product","link":"https:\/\/3iexport.com\/en\/product\/baignoire-acrylique-madeleine\/","title":{"rendered":"Baignoire Acrylique Madeleine"},"content":{"rendered":"<p>Specifications:<br \/>\n\u2022 Capacity: 190 liters<br \/>\n\u2022 Dimensions : 170 x 80 cm<br \/>\n\u2022 Systems: Water + Air<br \/>\n\u2022 Jets : 6 buses d&#8217;eau et 10 jets d&#8217;air<br \/>\nAvantages de l&#8217;Acrylique :<br \/>\n\u2022 Easy maintenance, retains shine with a simple damp cloth<br \/>\n\u2022 Bon isolant pour des \u00e9conomies d&#8217;eau et d&#8217;\u00e9nergie<br \/>\n\u2022 Excellente stabilit\u00e9 dimensionnelle sous l&#8217;action de la chaleur<br \/>\n\u2022 Resistant to rust and chemical substances<br \/>\n\u2022 L\u00e9ger avec une surface peu glissante<br \/>\n\u2022 Highly impact-resistant, maintaining properties indefinitely<\/p>","protected":false},"excerpt":{"rendered":"<p>Safety Instructions:<br \/>\n\u2022 L&#8217;installation \u00e9lectrique doit \u00eatre reli\u00e9e \u00e0 la terre<br \/>\n\u2022 Electrical supply protected by a 30 mA differential circuit breaker<br \/>\nla baignoire<br \/>\n\u2022 Alimentation \u00e9lectrique prot\u00e9g\u00e9e par un disjoncteur diff\u00e9rentiel de 30 mA<br \/>\nreli\u00e9 \u00e0 la bo\u00eete de raccordement via un conducteur de 3*2.5 mm2<br \/>\n\u2022 Utilisation d&#8217;une bo\u00eete de raccordement \u00e9tanche pour la connexion \u00e9lectrique<\/p>","protected":false},"featured_media":14027,"template":"","meta":[],"product_cat":[90,92],"product_tag":[],"class_list":{"0":"post-14026","1":"product","2":"type-product","3":"status-publish","4":"has-post-thumbnail","6":"product_cat-sanitaire","7":"product_cat-baignoire","9":"first","10":"instock","11":"shipping-taxable","12":"product-type-simple"},"_links":{"self":[{"href":"https:\/\/3iexport.com\/en\/wp-json\/wp\/v2\/product\/14026","targetHints":{"allow":["GET"]}}],"collection":[{"href":"https:\/\/3iexport.com\/en\/wp-json\/wp\/v2\/product"}],"about":[{"href":"https:\/\/3iexport.com\/en\/wp-json\/wp\/v2\/types\/product"}],"wp:featuredmedia":[{"embeddable":true,"href":"https:\/\/3iexport.com\/en\/wp-json\/wp\/v2\/media\/14027"}],"wp:attachment":[{"href":"https:\/\/3iexport.com\/en\/wp-json\/wp\/v2\/media?parent=14026"}],"wp:term":[{"taxonomy":"product_cat","embeddable":true,"href":"https:\/\/3iexport.com\/en\/wp-json\/wp\/v2\/product_cat?post=14026"},{"taxonomy":"product_tag","embeddable":true,"href":"https:\/\/3iexport.com\/en\/wp-json\/wp\/v2\/product_tag?post=14026"}],"curies":[{"name":"wp","href":"https:\/\/api.w.org\/{rel}","templated":true}]}}