{"id":14007,"date":"2024-01-02T12:31:52","date_gmt":"2024-01-02T11:31:52","guid":{"rendered":"https:\/\/3iexport.com\/?post_type=product&#038;p=14007"},"modified":"2024-01-05T15:19:34","modified_gmt":"2024-01-05T14:19:34","slug":"porte-balai-mural","status":"publish","type":"product","link":"https:\/\/3iexport.com\/en\/product\/porte-balai-mural\/","title":{"rendered":"Wall-Mounted Broom Holder"},"content":{"rendered":"<p>\u2022 Description: Wall-mounted broom holder, a bathroom accessory designed to be affixed to \nthe wall.<br \/>\n\u2022 Material: Chromed steel bracket.<br \/>\n\u2022 Mounting: Wall-mounted, includes mounting hardware.<br \/>\n\u2022 Design : Design fonctionnel et discret qui s&#8217;int\u00e8gre harmonieusement dans divers styles de<br \/>\nsalle de bains.<br \/>\n\u2022 Facilit\u00e9 d&#8217;Installation : Instructions d\u00e9taill\u00e9es et mat\u00e9riel de fixation fournis pour une installation ais\u00e9e.<\/p>","protected":false},"excerpt":{"rendered":"<p>Wall-mounted broom holder, a bathroom accessory designed to be affixed to \nthe wall.<\/p>","protected":false},"featured_media":14008,"template":"","meta":[],"product_cat":[90,91],"product_tag":[],"class_list":{"0":"post-14007","1":"product","2":"type-product","3":"status-publish","4":"has-post-thumbnail","6":"product_cat-sanitaire","7":"product_cat-accessoire-salle-de-bain","9":"first","10":"instock","11":"shipping-taxable","12":"product-type-simple"},"_links":{"self":[{"href":"https:\/\/3iexport.com\/en\/wp-json\/wp\/v2\/product\/14007","targetHints":{"allow":["GET"]}}],"collection":[{"href":"https:\/\/3iexport.com\/en\/wp-json\/wp\/v2\/product"}],"about":[{"href":"https:\/\/3iexport.com\/en\/wp-json\/wp\/v2\/types\/product"}],"wp:featuredmedia":[{"embeddable":true,"href":"https:\/\/3iexport.com\/en\/wp-json\/wp\/v2\/media\/14008"}],"wp:attachment":[{"href":"https:\/\/3iexport.com\/en\/wp-json\/wp\/v2\/media?parent=14007"}],"wp:term":[{"taxonomy":"product_cat","embeddable":true,"href":"https:\/\/3iexport.com\/en\/wp-json\/wp\/v2\/product_cat?post=14007"},{"taxonomy":"product_tag","embeddable":true,"href":"https:\/\/3iexport.com\/en\/wp-json\/wp\/v2\/product_tag?post=14007"}],"curies":[{"name":"wp","href":"https:\/\/api.w.org\/{rel}","templated":true}]}}