{"id":14004,"date":"2024-01-02T12:30:33","date_gmt":"2024-01-02T11:30:33","guid":{"rendered":"https:\/\/3iexport.com\/?post_type=product&#038;p=14004"},"modified":"2024-01-02T12:30:33","modified_gmt":"2024-01-02T11:30:33","slug":"etagere-pour-serviette","status":"publish","type":"product","link":"https:\/\/3iexport.com\/en\/product\/etagere-pour-serviette\/","title":{"rendered":"Towel Rack Shelf"},"content":{"rendered":"<p>\u2022 Material: Stainless Steel<br \/>\n\u2022 Mounting: Wall-mounted, includes mounting hardware<br \/>\n\u2022 Number of Bars: 3 towel-hanging bars<br \/>\n\u2022 Facilit\u00e9 d&#8217;Installation : Instructions d\u00e9taill\u00e9es et quincaillerie fournies<br \/>\n\u2022 Design : Moderne et \u00e9pur\u00e9, s&#8217;int\u00e8gre bien dans diff\u00e9rents styles de salle de bains<br \/>\n\u2022 Usage: Suitable for both residential and commercial bathrooms<\/p>","protected":false},"excerpt":{"rendered":"<p>\u2022 Mat\u00e9riau : Acier inoxydable \u2022 Fixation : Montage mural, quincaillerie de montage incluse \u2022 Nombre de Barres : 3 barres pour suspendre les serviettes \u2022 Facilit\u00e9 d&#8217;Installation : Instructions d\u00e9taill\u00e9es et quincaillerie fournies \u2022 Design : Moderne et \u00e9pur\u00e9, s&#8217;int\u00e8gre bien dans diff\u00e9rents styles de salle de bains \u2022 Utilisation : Convient pour les&#8230;<\/p>","protected":false},"featured_media":14005,"template":"","meta":[],"product_cat":[90,91],"product_tag":[],"class_list":{"0":"post-14004","1":"product","2":"type-product","3":"status-publish","4":"has-post-thumbnail","6":"product_cat-sanitaire","7":"product_cat-accessoire-salle-de-bain","9":"first","10":"instock","11":"shipping-taxable","12":"product-type-simple"},"_links":{"self":[{"href":"https:\/\/3iexport.com\/en\/wp-json\/wp\/v2\/product\/14004","targetHints":{"allow":["GET"]}}],"collection":[{"href":"https:\/\/3iexport.com\/en\/wp-json\/wp\/v2\/product"}],"about":[{"href":"https:\/\/3iexport.com\/en\/wp-json\/wp\/v2\/types\/product"}],"wp:featuredmedia":[{"embeddable":true,"href":"https:\/\/3iexport.com\/en\/wp-json\/wp\/v2\/media\/14005"}],"wp:attachment":[{"href":"https:\/\/3iexport.com\/en\/wp-json\/wp\/v2\/media?parent=14004"}],"wp:term":[{"taxonomy":"product_cat","embeddable":true,"href":"https:\/\/3iexport.com\/en\/wp-json\/wp\/v2\/product_cat?post=14004"},{"taxonomy":"product_tag","embeddable":true,"href":"https:\/\/3iexport.com\/en\/wp-json\/wp\/v2\/product_tag?post=14004"}],"curies":[{"name":"wp","href":"https:\/\/api.w.org\/{rel}","templated":true}]}}