{"id":13996,"date":"2024-01-02T11:10:56","date_gmt":"2024-01-02T10:10:56","guid":{"rendered":"https:\/\/3iexport.com\/?post_type=product&#038;p=13996"},"modified":"2024-01-02T11:10:56","modified_gmt":"2024-01-02T10:10:56","slug":"game-traveaux-publics","status":"publish","type":"product","link":"https:\/\/3iexport.com\/en\/product\/game-traveaux-publics\/","title":{"rendered":"GAME TRAVEAUX PUBLICS"},"content":{"rendered":"<p>Technical Specifications:<br \/>\n\u2022 Mati\u00e8re : polyol\u00e9fines<br \/>\n\u2022 Couleurs : rouge<br \/>\n\u2022 Avec un tir-fil en acier inoxydable pour faciliter l&#8217;installation<br \/>\n\u2022 Non Propagateur de la flamme : test br\u00fbleur 1Kw (sur demande)<\/p>","protected":false},"excerpt":{"rendered":"<p>Notre gamme de tubes gorges pour travaux publics est con\u00e7ue pour la protection des installations \u00e9lectriques souterraines, notamment l&#8217;\u00e9clairage public. P<\/p>","protected":false},"featured_media":0,"template":"","meta":[],"product_cat":[75,82],"product_tag":[],"class_list":{"0":"post-13996","1":"product","2":"type-product","3":"status-publish","5":"product_cat-materiaux-de-construction","6":"product_cat-tube-gorge","8":"first","9":"instock","10":"shipping-taxable","11":"product-type-simple"},"_links":{"self":[{"href":"https:\/\/3iexport.com\/en\/wp-json\/wp\/v2\/product\/13996","targetHints":{"allow":["GET"]}}],"collection":[{"href":"https:\/\/3iexport.com\/en\/wp-json\/wp\/v2\/product"}],"about":[{"href":"https:\/\/3iexport.com\/en\/wp-json\/wp\/v2\/types\/product"}],"wp:attachment":[{"href":"https:\/\/3iexport.com\/en\/wp-json\/wp\/v2\/media?parent=13996"}],"wp:term":[{"taxonomy":"product_cat","embeddable":true,"href":"https:\/\/3iexport.com\/en\/wp-json\/wp\/v2\/product_cat?post=13996"},{"taxonomy":"product_tag","embeddable":true,"href":"https:\/\/3iexport.com\/en\/wp-json\/wp\/v2\/product_tag?post=13996"}],"curies":[{"name":"wp","href":"https:\/\/api.w.org\/{rel}","templated":true}]}}