{"id":13979,"date":"2024-01-02T11:01:46","date_gmt":"2024-01-02T10:01:46","guid":{"rendered":"https:\/\/3iexport.com\/?post_type=product&#038;p=13979"},"modified":"2024-01-05T15:11:54","modified_gmt":"2024-01-05T14:11:54","slug":"game-electricite","status":"publish","type":"product","link":"https:\/\/3iexport.com\/en\/product\/game-electricite\/","title":{"rendered":"GAME \u00c9LECTRICIT\u00c9"},"content":{"rendered":"<p>Technical Specifications:<br \/>\n\u2022 Conforme \u00e0 la norme NT 87 169-1 (2010), \u00e9quivalent \u00e0 EN 61 386-1 (2008)<br \/>\n\u2022 Mati\u00e8re : polyol\u00e9fines<br \/>\n\u2022 Couleurs : Gris<br \/>\n\u2022 Pr\u00e9-lubrifi\u00e9<br \/>\n\u2022 Liser\u00e9 de couleur diff\u00e9rente par diam\u00e8tre (rouge 16 ; bleu 20 ; blanc 25)<br \/>\n\u2022 Avec un tir-fil en acier inoxydable pour faciliter l&#8217;installation<br \/>\n\u2022 Non Propagateur de la flamme : test br\u00fbleur 1Kw<br \/>\n\u2022 Resistance aux chocs : 6 Joules \u00e0 -5\u00b0C<br \/>\n\u2022 R\u00e9sistance \u00e0 l\u2019\u00e9crasement : 750 N \u00e0 20 \u00b11\u00b0C<br \/>\n\u2022 \u00c9tanch\u00e9it\u00e9 : homologu\u00e9 IP 44<\/p>","protected":false},"excerpt":{"rendered":"<p>Notre gamme de tubes gorges \u00e9lectriques offre une protection fiable pour les installations \u00e9lectriques apparentes ou encastr\u00e9es, \u00e0 l&#8217;int\u00e9rieur et \u00e0 l&#8217;ext\u00e9rieur des b\u00e2timents. Ces gaines \u00e9lectriques sont isolantes, cintrables, transversalement \u00e9lastiques et pr\u00e9-lubrifi\u00e9es.<\/p>","protected":false},"featured_media":13983,"template":"","meta":[],"product_cat":[75,82],"product_tag":[],"class_list":{"0":"post-13979","1":"product","2":"type-product","3":"status-publish","4":"has-post-thumbnail","6":"product_cat-materiaux-de-construction","7":"product_cat-tube-gorge","9":"first","10":"instock","11":"shipping-taxable","12":"product-type-simple"},"_links":{"self":[{"href":"https:\/\/3iexport.com\/en\/wp-json\/wp\/v2\/product\/13979","targetHints":{"allow":["GET"]}}],"collection":[{"href":"https:\/\/3iexport.com\/en\/wp-json\/wp\/v2\/product"}],"about":[{"href":"https:\/\/3iexport.com\/en\/wp-json\/wp\/v2\/types\/product"}],"wp:featuredmedia":[{"embeddable":true,"href":"https:\/\/3iexport.com\/en\/wp-json\/wp\/v2\/media\/13983"}],"wp:attachment":[{"href":"https:\/\/3iexport.com\/en\/wp-json\/wp\/v2\/media?parent=13979"}],"wp:term":[{"taxonomy":"product_cat","embeddable":true,"href":"https:\/\/3iexport.com\/en\/wp-json\/wp\/v2\/product_cat?post=13979"},{"taxonomy":"product_tag","embeddable":true,"href":"https:\/\/3iexport.com\/en\/wp-json\/wp\/v2\/product_tag?post=13979"}],"curies":[{"name":"wp","href":"https:\/\/api.w.org\/{rel}","templated":true}]}}