{"id":13924,"date":"2024-01-02T10:04:53","date_gmt":"2024-01-02T09:04:53","guid":{"rendered":"https:\/\/3iexport.com\/?post_type=product&#038;p=13924"},"modified":"2024-01-05T15:01:00","modified_gmt":"2024-01-05T14:01:00","slug":"emballage-alimentaire","status":"publish","type":"product","link":"https:\/\/3iexport.com\/en\/product\/emballage-alimentaire\/","title":{"rendered":"Food Packaging"},"content":{"rendered":"","protected":false},"excerpt":{"rendered":"<p>La s\u00e9curit\u00e9 et la qualit\u00e9 sont essentielles lorsqu&#8217;il s&#8217;agit d&#8217;emballer des produits alimentaires. Chez 3iexport, nous proposons une gamme d&#8217;emballages alimentaires de haute qualit\u00e9, conformes aux normes sanitaires et r\u00e9glementaires les plus strictes. Nos emballages alimentaires sont con\u00e7us pour pr\u00e9server la fra\u00eecheur et la qualit\u00e9 des aliments, tout en assurant une pr\u00e9sentation attrayante. Que ce soit pour emballer des produits frais, congel\u00e9s, secs ou liquides, nos emballages alimentaires offrent une solution fiable et s\u00fbre pour prot\u00e9ger vos produits tout au long de leur cha\u00eene d&#8217;approvisionnement.<\/p>","protected":false},"featured_media":13925,"template":"","meta":[],"product_cat":[75,79],"product_tag":[],"class_list":{"0":"post-13924","1":"product","2":"type-product","3":"status-publish","4":"has-post-thumbnail","6":"product_cat-materiaux-de-construction","7":"product_cat-emballage","9":"first","10":"instock","11":"shipping-taxable","12":"product-type-simple"},"_links":{"self":[{"href":"https:\/\/3iexport.com\/en\/wp-json\/wp\/v2\/product\/13924","targetHints":{"allow":["GET"]}}],"collection":[{"href":"https:\/\/3iexport.com\/en\/wp-json\/wp\/v2\/product"}],"about":[{"href":"https:\/\/3iexport.com\/en\/wp-json\/wp\/v2\/types\/product"}],"wp:featuredmedia":[{"embeddable":true,"href":"https:\/\/3iexport.com\/en\/wp-json\/wp\/v2\/media\/13925"}],"wp:attachment":[{"href":"https:\/\/3iexport.com\/en\/wp-json\/wp\/v2\/media?parent=13924"}],"wp:term":[{"taxonomy":"product_cat","embeddable":true,"href":"https:\/\/3iexport.com\/en\/wp-json\/wp\/v2\/product_cat?post=13924"},{"taxonomy":"product_tag","embeddable":true,"href":"https:\/\/3iexport.com\/en\/wp-json\/wp\/v2\/product_tag?post=13924"}],"curies":[{"name":"wp","href":"https:\/\/api.w.org\/{rel}","templated":true}]}}