{"id":13908,"date":"2024-01-02T09:44:32","date_gmt":"2024-01-02T08:44:32","guid":{"rendered":"https:\/\/3iexport.com\/?post_type=product&#038;p=13908"},"modified":"2024-01-05T13:44:58","modified_gmt":"2024-01-05T12:44:58","slug":"chaux-vive-en-roche","status":"publish","type":"product","link":"https:\/\/3iexport.com\/en\/product\/chaux-vive-en-roche\/","title":{"rendered":"Rock Quicklime"},"content":{"rendered":"","protected":false},"excerpt":{"rendered":"<p>La chaux calcique vive en roche, ou oxyde de calcium, est obtenue par la calcination d&#8217;un calcaire pur \u00e0 1200\u00b0C. Elle est principalement constitu\u00e9e d&#8217;oxyde de calcium et est disponible sous forme de roches, avec au moins 94% de mati\u00e8re active. Cette chaux vive en roche est le r\u00e9actif basique naturel le moins cher.<\/p>","protected":false},"featured_media":13909,"template":"","meta":[],"product_cat":[75,77],"product_tag":[],"class_list":{"0":"post-13908","1":"product","2":"type-product","3":"status-publish","4":"has-post-thumbnail","6":"product_cat-materiaux-de-construction","7":"product_cat-chaux","9":"first","10":"instock","11":"shipping-taxable","12":"product-type-simple"},"_links":{"self":[{"href":"https:\/\/3iexport.com\/en\/wp-json\/wp\/v2\/product\/13908","targetHints":{"allow":["GET"]}}],"collection":[{"href":"https:\/\/3iexport.com\/en\/wp-json\/wp\/v2\/product"}],"about":[{"href":"https:\/\/3iexport.com\/en\/wp-json\/wp\/v2\/types\/product"}],"wp:featuredmedia":[{"embeddable":true,"href":"https:\/\/3iexport.com\/en\/wp-json\/wp\/v2\/media\/13909"}],"wp:attachment":[{"href":"https:\/\/3iexport.com\/en\/wp-json\/wp\/v2\/media?parent=13908"}],"wp:term":[{"taxonomy":"product_cat","embeddable":true,"href":"https:\/\/3iexport.com\/en\/wp-json\/wp\/v2\/product_cat?post=13908"},{"taxonomy":"product_tag","embeddable":true,"href":"https:\/\/3iexport.com\/en\/wp-json\/wp\/v2\/product_tag?post=13908"}],"curies":[{"name":"wp","href":"https:\/\/api.w.org\/{rel}","templated":true}]}}