{"id":13905,"date":"2024-01-02T09:42:04","date_gmt":"2024-01-02T08:42:04","guid":{"rendered":"https:\/\/3iexport.com\/?post_type=product&#038;p=13905"},"modified":"2024-01-05T13:43:03","modified_gmt":"2024-01-05T12:43:03","slug":"chaux-eteinte","status":"publish","type":"product","link":"https:\/\/3iexport.com\/en\/product\/chaux-eteinte\/","title":{"rendered":"Slaked Lime"},"content":{"rendered":"","protected":false},"excerpt":{"rendered":"<p>Un produit naturel aux nombreuses applications, la chaux \u00e9teinte est \u00e9galement connue sous d&#8217;autres synonymes tels que chaux hydrat\u00e9e, hydroxyde de calcium, chaux blut\u00e9e, chaux a\u00e9rienne, etc. Elle est souvent utilis\u00e9e dans les enduits de protection sur du b\u00e9ton, ainsi que dans les enduits isolants, comme le m\u00e9lange de chaux et de chanvre ou de lin.<\/p>","protected":false},"featured_media":13906,"template":"","meta":[],"product_cat":[75,77],"product_tag":[],"class_list":{"0":"post-13905","1":"product","2":"type-product","3":"status-publish","4":"has-post-thumbnail","6":"product_cat-materiaux-de-construction","7":"product_cat-chaux","9":"first","10":"instock","11":"shipping-taxable","12":"product-type-simple"},"_links":{"self":[{"href":"https:\/\/3iexport.com\/en\/wp-json\/wp\/v2\/product\/13905","targetHints":{"allow":["GET"]}}],"collection":[{"href":"https:\/\/3iexport.com\/en\/wp-json\/wp\/v2\/product"}],"about":[{"href":"https:\/\/3iexport.com\/en\/wp-json\/wp\/v2\/types\/product"}],"wp:featuredmedia":[{"embeddable":true,"href":"https:\/\/3iexport.com\/en\/wp-json\/wp\/v2\/media\/13906"}],"wp:attachment":[{"href":"https:\/\/3iexport.com\/en\/wp-json\/wp\/v2\/media?parent=13905"}],"wp:term":[{"taxonomy":"product_cat","embeddable":true,"href":"https:\/\/3iexport.com\/en\/wp-json\/wp\/v2\/product_cat?post=13905"},{"taxonomy":"product_tag","embeddable":true,"href":"https:\/\/3iexport.com\/en\/wp-json\/wp\/v2\/product_tag?post=13905"}],"curies":[{"name":"wp","href":"https:\/\/api.w.org\/{rel}","templated":true}]}}