{"id":13742,"date":"2023-12-28T15:03:45","date_gmt":"2023-12-28T14:03:45","guid":{"rendered":"https:\/\/3iexport.com\/?post_type=product&#038;p=13742"},"modified":"2024-01-05T13:08:55","modified_gmt":"2024-01-05T12:08:55","slug":"chaux-calcique-vive","status":"publish","type":"product","link":"https:\/\/3iexport.com\/en\/product\/chaux-calcique-vive\/","title":{"rendered":"Quicklime"},"content":{"rendered":"<p>La chaux calcique vive, \u00e9galement connue sous le nom d&#8217;oxyde de calcium, est obtenue par la calcination d&#8217;un calcaire pur \u00e0 1200\u00b0C. Elle est principalement compos\u00e9e d&#8217;oxyde de calcium et est disponible en roches ou en poudre, avec une teneur en mati\u00e8re active d&#8217;au moins 94%. Cette chaux calcique vive est le r\u00e9actif basique naturel le plus \u00e9conomique.<\/p>","protected":false},"excerpt":{"rendered":"<p>La chaux calcique vive, \u00e9galement connue sous le nom d&#8217;oxyde de calcium, est obtenue par la calcination d&#8217;un calcaire pur \u00e0 1200\u00b0C. Elle est principalement compos\u00e9e d&#8217;oxyde de calcium et est disponible en roches ou en poudre, avec une teneur en mati\u00e8re active d&#8217;au moins 94%. Cette chaux calcique vive est le r\u00e9actif basique naturel&#8230;<\/p>","protected":false},"featured_media":13743,"template":"","meta":[],"product_cat":[75,77],"product_tag":[],"class_list":{"0":"post-13742","1":"product","2":"type-product","3":"status-publish","4":"has-post-thumbnail","6":"product_cat-materiaux-de-construction","7":"product_cat-chaux","9":"first","10":"instock","11":"shipping-taxable","12":"product-type-simple"},"_links":{"self":[{"href":"https:\/\/3iexport.com\/en\/wp-json\/wp\/v2\/product\/13742","targetHints":{"allow":["GET"]}}],"collection":[{"href":"https:\/\/3iexport.com\/en\/wp-json\/wp\/v2\/product"}],"about":[{"href":"https:\/\/3iexport.com\/en\/wp-json\/wp\/v2\/types\/product"}],"wp:featuredmedia":[{"embeddable":true,"href":"https:\/\/3iexport.com\/en\/wp-json\/wp\/v2\/media\/13743"}],"wp:attachment":[{"href":"https:\/\/3iexport.com\/en\/wp-json\/wp\/v2\/media?parent=13742"}],"wp:term":[{"taxonomy":"product_cat","embeddable":true,"href":"https:\/\/3iexport.com\/en\/wp-json\/wp\/v2\/product_cat?post=13742"},{"taxonomy":"product_tag","embeddable":true,"href":"https:\/\/3iexport.com\/en\/wp-json\/wp\/v2\/product_tag?post=13742"}],"curies":[{"name":"wp","href":"https:\/\/api.w.org\/{rel}","templated":true}]}}