{"id":13740,"date":"2023-12-28T15:02:53","date_gmt":"2023-12-28T14:02:53","guid":{"rendered":"https:\/\/3iexport.com\/?post_type=product&#038;p=13740"},"modified":"2024-01-05T13:07:27","modified_gmt":"2024-01-05T12:07:27","slug":"chaux-hydraulique-naturelle","status":"publish","type":"product","link":"https:\/\/3iexport.com\/en\/product\/chaux-hydraulique-naturelle\/","title":{"rendered":"Natural Hydraulic Lime"},"content":{"rendered":"<p>Notre chaux hydraulique naturelle est fabriqu\u00e9e conform\u00e9ment \u00e0 la norme europ\u00e9enne EN 459-1. C&#8217;est un liant hydraulique 100% naturel, exempt de tout additif.<\/p>","protected":false},"excerpt":{"rendered":"<p>Notre chaux hydraulique naturelle est fabriqu\u00e9e conform\u00e9ment \u00e0 la norme europ\u00e9enne EN 459-1. C&#8217;est un liant hydraulique 100% naturel, exempt de tout additif.<\/p>","protected":false},"featured_media":13741,"template":"","meta":[],"product_cat":[75,77],"product_tag":[],"class_list":{"0":"post-13740","1":"product","2":"type-product","3":"status-publish","4":"has-post-thumbnail","6":"product_cat-materiaux-de-construction","7":"product_cat-chaux","9":"first","10":"instock","11":"shipping-taxable","12":"product-type-simple"},"_links":{"self":[{"href":"https:\/\/3iexport.com\/en\/wp-json\/wp\/v2\/product\/13740","targetHints":{"allow":["GET"]}}],"collection":[{"href":"https:\/\/3iexport.com\/en\/wp-json\/wp\/v2\/product"}],"about":[{"href":"https:\/\/3iexport.com\/en\/wp-json\/wp\/v2\/types\/product"}],"wp:featuredmedia":[{"embeddable":true,"href":"https:\/\/3iexport.com\/en\/wp-json\/wp\/v2\/media\/13741"}],"wp:attachment":[{"href":"https:\/\/3iexport.com\/en\/wp-json\/wp\/v2\/media?parent=13740"}],"wp:term":[{"taxonomy":"product_cat","embeddable":true,"href":"https:\/\/3iexport.com\/en\/wp-json\/wp\/v2\/product_cat?post=13740"},{"taxonomy":"product_tag","embeddable":true,"href":"https:\/\/3iexport.com\/en\/wp-json\/wp\/v2\/product_tag?post=13740"}],"curies":[{"name":"wp","href":"https:\/\/api.w.org\/{rel}","templated":true}]}}