{"id":13661,"date":"2023-12-28T12:25:27","date_gmt":"2023-12-28T11:25:27","guid":{"rendered":"https:\/\/3iexport.com\/?post_type=product&#038;p=13661"},"modified":"2024-01-03T16:51:00","modified_gmt":"2024-01-03T15:51:00","slug":"transformateurs-triphases","status":"publish","type":"product","link":"https:\/\/3iexport.com\/en\/product\/transformateurs-triphases\/","title":{"rendered":"Three-Phase Transformers"},"content":{"rendered":"<p>Nos transformateurs triphas\u00e9s herm\u00e9tiques, immerg\u00e9s dans l&#8217;huile min\u00e9rale, b\u00e9n\u00e9ficient d&#8217;un refroidissement naturel ONAN et sont conformes \u00e0 la norme CEI -76. Ils offrent une puissance allant de 25 \u00e0 3150 kVA et sont disponibles dans diff\u00e9rentes classes de tension allant de 7.2 kV \u00e0 30 kV.<br \/>\n<strong>Superior Quality Windings:<\/strong><br \/>\nLes enroulements HT sont fabriqu\u00e9s en cuivre \u00e9lectrolytique recuit de grade 2 avec une section circulaire \u00e9maill\u00e9e, tandis que les enroulements BT sont bobin\u00e9s avec du cuivre \u00e9lectrolytique recuit de section rectangulaire guip\u00e9 papier ou en feuillard. Ces enroulements subissent un traitement d&#8217;\u00e9tuvage et d&#8217;impr\u00e9gnation pour une excellente tenue aux efforts \u00e9lectrodynamiques et une meilleure isolation.<br \/>\n<strong>High-Performance Magnetic Circuit<\/strong><br \/>\nLe circuit magn\u00e9tique est constitu\u00e9 de t\u00f4les magn\u00e9tiques \u00e0 cristaux orient\u00e9s de premier choix, isol\u00e9es des deux c\u00f4t\u00e9s par du carlyte, un oxyde inorganique r\u00e9sistant aux hautes temp\u00e9ratures et \u00e0 l&#8217;huile chaude. Gr\u00e2ce \u00e0 la qualit\u00e9 du mat\u00e9riel utilis\u00e9 et aux contr\u00f4les rigoureux, nos transformateurs affichent des pertes r\u00e9duites. De plus, l&#8217;utilisation de vernis \u00e9poxydique et la minimisation des entrefers assurent un niveau de bruit extr\u00eamement bas.<br \/>\n<strong>Robust Tank Design<\/strong><br \/>\nNos cuves sont construites en t\u00f4le d&#8217;acier renforc\u00e9e, avec des ondes de refroidissement, et subissent un traitement de surface par grenaillage, d\u00e9graissage et phosphatation avant l&#8217;application d&#8217;une couche de peinture \u00e9poxy poudre s\u00e9ch\u00e9e au four (RAL 7036). Cette conception m\u00e9cano-soud\u00e9e garantit la robustesse et l&#8217;\u00e9tanch\u00e9it\u00e9 des transformateurs.<br \/>\n<strong>Stringent Manufacturing Process<\/strong><br \/>\nOur assembly line and tunnel oven ensure meticulous assembly of \nthe active part (windings and magnetic circuit) at a temperature of 120\u00b0C to guarantee optimal \nquality.<br \/>\n<strong>Qualit\u00e9 d&#8217;isolation sup\u00e9rieure<\/strong><br \/>\nLe remplissage du transformateur s&#8217;effectue sous vide avec de l&#8217;huile min\u00e9rale neuve, offrant une rigidit\u00e9 di\u00e9lectrique sup\u00e9rieure \u00e0 70 kV (CEI 156). Tous nos transformateurs sont soumis \u00e0 des essais individuels conform\u00e9ment aux normes UTE et CEI.<\/p>","protected":false},"excerpt":{"rendered":"<p>Nos transformateurs triphas\u00e9s herm\u00e9tiques, immerg\u00e9s dans l&#8217;huile min\u00e9rale, b\u00e9n\u00e9ficient d&#8217;un refroidissement naturel ONAN et sont conformes \u00e0 la norme CEI -76. Ils offrent une puissance allant de 25 \u00e0 3150 kVA et sont disponibles dans diff\u00e9rentes classes de tension allant de 7.2 kV \u00e0 30 kV. Enroulements de qualit\u00e9 sup\u00e9rieure Les enroulements HT sont fabriqu\u00e9s&#8230;<\/p>","protected":false},"featured_media":13662,"template":"","meta":[],"product_cat":[67,69],"product_tag":[],"class_list":{"0":"post-13661","1":"product","2":"type-product","3":"status-publish","4":"has-post-thumbnail","6":"product_cat-materiel-electrique","7":"product_cat-transformateur","9":"first","10":"instock","11":"shipping-taxable","12":"product-type-simple"},"_links":{"self":[{"href":"https:\/\/3iexport.com\/en\/wp-json\/wp\/v2\/product\/13661","targetHints":{"allow":["GET"]}}],"collection":[{"href":"https:\/\/3iexport.com\/en\/wp-json\/wp\/v2\/product"}],"about":[{"href":"https:\/\/3iexport.com\/en\/wp-json\/wp\/v2\/types\/product"}],"wp:featuredmedia":[{"embeddable":true,"href":"https:\/\/3iexport.com\/en\/wp-json\/wp\/v2\/media\/13662"}],"wp:attachment":[{"href":"https:\/\/3iexport.com\/en\/wp-json\/wp\/v2\/media?parent=13661"}],"wp:term":[{"taxonomy":"product_cat","embeddable":true,"href":"https:\/\/3iexport.com\/en\/wp-json\/wp\/v2\/product_cat?post=13661"},{"taxonomy":"product_tag","embeddable":true,"href":"https:\/\/3iexport.com\/en\/wp-json\/wp\/v2\/product_tag?post=13661"}],"curies":[{"name":"wp","href":"https:\/\/api.w.org\/{rel}","templated":true}]}}