{"id":13659,"date":"2023-12-28T12:22:29","date_gmt":"2023-12-28T11:22:29","guid":{"rendered":"https:\/\/3iexport.com\/?post_type=product&#038;p=13659"},"modified":"2023-12-28T12:23:51","modified_gmt":"2023-12-28T11:23:51","slug":"cables-de-balisage-d_aerodrome","status":"publish","type":"product","link":"https:\/\/3iexport.com\/en\/product\/cables-de-balisage-d_aerodrome\/","title":{"rendered":"Airport Runway Marking Cables"},"content":{"rendered":"<p>C\u00e2bles De Balisage D&#8217;A\u00e9rodrome<br \/>\nCes c\u00e2bles sont con\u00e7us pour le balisage des pistes d&#8217;a\u00e9rodrome.<br \/>\nConstruction:<br \/>\nConductor: Stranded copper, either bare or tinned<br \/>\nInsulation: Cross-linked polyethylene (XLPE) or Polyvinyl Chloride (PVC)<br \/>\nShield: Semi-conductive tape plus copper tape<br \/>\nSheath: Polyethylene (PE) or PVC<br \/>\nAdditional: Extruded semi-conductive layer<br \/>\nSpecifications:<br \/>\nNominal Voltage: 1.8\/3 kV or 3.6\/6 kV<br \/>\nConductor: Stranded copper of Class 2<br \/>\nMaximum Permissible Temperature:<br \/>\nPVC: 70\u00b0C (continuous)<br \/>\nXLPE : 90\u00b0C (continuous)<\/p>","protected":false},"excerpt":{"rendered":"<p>C\u00e2bles De Balisage D&#8217;A\u00e9rodrome Ces c\u00e2bles sont con\u00e7us pour le balisage des pistes d&#8217;a\u00e9rodrome. Constitution: \u00c2me: Cuivre nu ou cuivre \u00e9tam\u00e9 c\u00e2bl\u00e9 Isolation : PR (Poly\u00e9thyl\u00e8ne r\u00e9ticul\u00e9) ou PVC \u00c9cran : Ruban semi-conducteur + Ruban en cuivre Gaine: PE (Poly\u00e9thyl\u00e8ne) ou PVC Autres : Semi-conducteur extrud\u00e9 Caract\u00e9ristiques: Tension nominale: 1,8\/3 kV ou 3,6\/6 kV Conducteur&#8230;<\/p>","protected":false},"featured_media":13660,"template":"","meta":[],"product_cat":[67,68,74],"product_tag":[],"class_list":{"0":"post-13659","1":"product","2":"type-product","3":"status-publish","4":"has-post-thumbnail","6":"product_cat-materiel-electrique","7":"product_cat-cables-electriques","8":"product_cat-cables-speciaux","10":"first","11":"instock","12":"shipping-taxable","13":"product-type-simple"},"_links":{"self":[{"href":"https:\/\/3iexport.com\/en\/wp-json\/wp\/v2\/product\/13659","targetHints":{"allow":["GET"]}}],"collection":[{"href":"https:\/\/3iexport.com\/en\/wp-json\/wp\/v2\/product"}],"about":[{"href":"https:\/\/3iexport.com\/en\/wp-json\/wp\/v2\/types\/product"}],"wp:featuredmedia":[{"embeddable":true,"href":"https:\/\/3iexport.com\/en\/wp-json\/wp\/v2\/media\/13660"}],"wp:attachment":[{"href":"https:\/\/3iexport.com\/en\/wp-json\/wp\/v2\/media?parent=13659"}],"wp:term":[{"taxonomy":"product_cat","embeddable":true,"href":"https:\/\/3iexport.com\/en\/wp-json\/wp\/v2\/product_cat?post=13659"},{"taxonomy":"product_tag","embeddable":true,"href":"https:\/\/3iexport.com\/en\/wp-json\/wp\/v2\/product_tag?post=13659"}],"curies":[{"name":"wp","href":"https:\/\/api.w.org\/{rel}","templated":true}]}}