{"id":13657,"date":"2023-12-28T12:19:53","date_gmt":"2023-12-28T11:19:53","guid":{"rendered":"https:\/\/3iexport.com\/?post_type=product&#038;p=13657"},"modified":"2023-12-28T12:19:54","modified_gmt":"2023-12-28T11:19:54","slug":"cables-a-paires-avec-ecran-general","status":"publish","type":"product","link":"https:\/\/3iexport.com\/en\/product\/cables-a-paires-avec-ecran-general\/","title":{"rendered":"General Screened Twisted Pair Cables"},"content":{"rendered":"<p>General Screened Twisted Pair Cables<br \/>\nThese cables are designed for connections between computers and peripheral equipment.<br \/>\nConstruction:<br \/>\nConductor: Solid tinned copper<br \/>\nInsulation: PVC<br \/>\nShield: Tinned copper braid<br \/>\nAssembly: Polyester ribbon<br \/>\nSheath: Light gray PVC<br \/>\nSpecifications:<br \/>\nNominal voltage: 500 V<br \/>\nConductor: Solid tinned copper, 0.22 mm2 (7 x 0.20 mm)<br \/>\nMaximum permissible temperature: 105\u00b0C continuous<br \/>\nConductor identification: Color-coded<\/p>","protected":false},"excerpt":{"rendered":"<p>C\u00e2bles \u00c0 Paires Avec \u00c9cran G\u00e9n\u00e9ral Ces c\u00e2bles sont destin\u00e9s aux liaisons entre ordinateurs et \u00e9quipements p\u00e9riph\u00e9riques. Constitution: \u00c2me: Cuivre massif \u00e9tam\u00e9 Isolation: PVC \u00c9cran : Tresse en cuivre \u00e9tam\u00e9 Assemblage : Ruban en polyester Gaine : PVC gris clair Caract\u00e9ristiques: Tension nominale: 500 V Conducteur : Cuivre \u00e9tam\u00e9 de 0,22 mm2 (7 x 0,20&#8230;<\/p>","protected":false},"featured_media":13658,"template":"","meta":[],"product_cat":[67,68,74],"product_tag":[],"class_list":{"0":"post-13657","1":"product","2":"type-product","3":"status-publish","4":"has-post-thumbnail","6":"product_cat-materiel-electrique","7":"product_cat-cables-electriques","8":"product_cat-cables-speciaux","10":"first","11":"instock","12":"shipping-taxable","13":"product-type-simple"},"_links":{"self":[{"href":"https:\/\/3iexport.com\/en\/wp-json\/wp\/v2\/product\/13657","targetHints":{"allow":["GET"]}}],"collection":[{"href":"https:\/\/3iexport.com\/en\/wp-json\/wp\/v2\/product"}],"about":[{"href":"https:\/\/3iexport.com\/en\/wp-json\/wp\/v2\/types\/product"}],"wp:featuredmedia":[{"embeddable":true,"href":"https:\/\/3iexport.com\/en\/wp-json\/wp\/v2\/media\/13658"}],"wp:attachment":[{"href":"https:\/\/3iexport.com\/en\/wp-json\/wp\/v2\/media?parent=13657"}],"wp:term":[{"taxonomy":"product_cat","embeddable":true,"href":"https:\/\/3iexport.com\/en\/wp-json\/wp\/v2\/product_cat?post=13657"},{"taxonomy":"product_tag","embeddable":true,"href":"https:\/\/3iexport.com\/en\/wp-json\/wp\/v2\/product_tag?post=13657"}],"curies":[{"name":"wp","href":"https:\/\/api.w.org\/{rel}","templated":true}]}}