{"id":13655,"date":"2023-12-28T12:17:35","date_gmt":"2023-12-28T11:17:35","guid":{"rendered":"https:\/\/3iexport.com\/?post_type=product&#038;p=13655"},"modified":"2023-12-28T12:17:35","modified_gmt":"2023-12-28T11:17:35","slug":"cable-electrique-zpau-zpfu","status":"publish","type":"product","link":"https:\/\/3iexport.com\/en\/product\/cable-electrique-zpau-zpfu\/","title":{"rendered":"ZPAU - ZPFU Electrical Cable"},"content":{"rendered":"<p>ZPAU - ZPFU Electrical Cable<br \/>\nThese cables are designed for signaling and telephony circuits in fixed installations.<br \/>\nConstruction:<br \/>\nConductor: Solid bare copper<br \/>\nInsulation: PE (Polyethylene)<br \/>\nShielding: 2 copper tapes (Z PAU)<br \/>\nArmoring: 2 steel tapes<br \/>\nSheath: Black PVC<br \/>\nSpecifications:<br \/>\nRated Voltage: 750 V<br \/>\nConductor: Solid copper, Class 1<br \/>\nMaximum Permissible Temperature: 70 \u00b0C Continuous \/ 160 \u00b0C Short-circuit<br \/>\nConductor Identification: By pilot pair<\/p>","protected":false},"excerpt":{"rendered":"<p>C\u00e2ble \u00c9lectrique ZPAU &#8211; ZPFU Ces c\u00e2bles sont con\u00e7us pour les circuits de signalisation et de t\u00e9l\u00e9phonie des installations fixes. Constitution: \u00c2me: Cuivre nu massif Isolation: PE (Poly\u00e9thyl\u00e8ne) \u00c9cran : 2 rubans de cuivre (Z PAU) Armure: 2 feuillards en acier Gaine : PVC Noir Caract\u00e9ristiques: Tension nominale: 750 V Conducteur : Cuivre massif de&#8230;<\/p>","protected":false},"featured_media":13656,"template":"","meta":[],"product_cat":[67,68,74],"product_tag":[],"class_list":{"0":"post-13655","1":"product","2":"type-product","3":"status-publish","4":"has-post-thumbnail","6":"product_cat-materiel-electrique","7":"product_cat-cables-electriques","8":"product_cat-cables-speciaux","10":"first","11":"instock","12":"shipping-taxable","13":"product-type-simple"},"_links":{"self":[{"href":"https:\/\/3iexport.com\/en\/wp-json\/wp\/v2\/product\/13655","targetHints":{"allow":["GET"]}}],"collection":[{"href":"https:\/\/3iexport.com\/en\/wp-json\/wp\/v2\/product"}],"about":[{"href":"https:\/\/3iexport.com\/en\/wp-json\/wp\/v2\/types\/product"}],"wp:featuredmedia":[{"embeddable":true,"href":"https:\/\/3iexport.com\/en\/wp-json\/wp\/v2\/media\/13656"}],"wp:attachment":[{"href":"https:\/\/3iexport.com\/en\/wp-json\/wp\/v2\/media?parent=13655"}],"wp:term":[{"taxonomy":"product_cat","embeddable":true,"href":"https:\/\/3iexport.com\/en\/wp-json\/wp\/v2\/product_cat?post=13655"},{"taxonomy":"product_tag","embeddable":true,"href":"https:\/\/3iexport.com\/en\/wp-json\/wp\/v2\/product_tag?post=13655"}],"curies":[{"name":"wp","href":"https:\/\/api.w.org\/{rel}","templated":true}]}}