{"id":13653,"date":"2023-12-28T12:15:08","date_gmt":"2023-12-28T11:15:08","guid":{"rendered":"https:\/\/3iexport.com\/?post_type=product&#038;p=13653"},"modified":"2023-12-28T12:15:08","modified_gmt":"2023-12-28T11:15:08","slug":"cable-electrique-decente-dantenne-75-omega-drop-tv","status":"publish","type":"product","link":"https:\/\/3iexport.com\/en\/product\/cable-electrique-decente-dantenne-75-omega-drop-tv\/","title":{"rendered":"C\u00e2ble \u00c9lectrique D\u00e9cente D\u2019antenne 75 Om\u00e9ga Drop TV"},"content":{"rendered":"<p>75 Ohm Coaxial Cable\/TV Drop Cable<\/p>\n<p>Terminal Visualisation Connection.<br \/>\nConstruction:<br \/>\n1- Conductor: Bare Copper<br \/>\n2 &#8211; Insulation: 75 Ohm Coaxial Cable\/TV Drop Cable<br \/>\n3 &#8211; Sheath: PVC<br \/>\nCharacteristics:<br \/>\nConductor:<br \/>\n\u2022 Inner Conductor: Bare Copper<br \/>\n\u2022 Outer Conductor: Copper Braid<\/p>","protected":false},"excerpt":{"rendered":"<p>75 Ohm Coaxial Cable\/TV Drop Cable Terminal Visualisation Connection. Constitution: 1- Conductor: Bare Copper 2 &#8211; Insulation: 75 Ohm Coaxial Cable\/TV Drop Cable 3 &#8211; Sheath: PVC Characteristics: Conductor: \u2022 Inner Conductor: Bare Copper \u2022 Outer Conductor: Copper Braid<\/p>","protected":false},"featured_media":13654,"template":"","meta":[],"product_cat":[67,68,74],"product_tag":[],"class_list":{"0":"post-13653","1":"product","2":"type-product","3":"status-publish","4":"has-post-thumbnail","6":"product_cat-materiel-electrique","7":"product_cat-cables-electriques","8":"product_cat-cables-speciaux","10":"first","11":"instock","12":"shipping-taxable","13":"product-type-simple"},"_links":{"self":[{"href":"https:\/\/3iexport.com\/en\/wp-json\/wp\/v2\/product\/13653","targetHints":{"allow":["GET"]}}],"collection":[{"href":"https:\/\/3iexport.com\/en\/wp-json\/wp\/v2\/product"}],"about":[{"href":"https:\/\/3iexport.com\/en\/wp-json\/wp\/v2\/types\/product"}],"wp:featuredmedia":[{"embeddable":true,"href":"https:\/\/3iexport.com\/en\/wp-json\/wp\/v2\/media\/13654"}],"wp:attachment":[{"href":"https:\/\/3iexport.com\/en\/wp-json\/wp\/v2\/media?parent=13653"}],"wp:term":[{"taxonomy":"product_cat","embeddable":true,"href":"https:\/\/3iexport.com\/en\/wp-json\/wp\/v2\/product_cat?post=13653"},{"taxonomy":"product_tag","embeddable":true,"href":"https:\/\/3iexport.com\/en\/wp-json\/wp\/v2\/product_tag?post=13653"}],"curies":[{"name":"wp","href":"https:\/\/api.w.org\/{rel}","templated":true}]}}