{"id":13651,"date":"2023-12-28T12:12:47","date_gmt":"2023-12-28T11:12:47","guid":{"rendered":"https:\/\/3iexport.com\/?post_type=product&#038;p=13651"},"modified":"2023-12-28T12:13:18","modified_gmt":"2023-12-28T11:13:18","slug":"cable-electrique-coaxial-rg-58","status":"publish","type":"product","link":"https:\/\/3iexport.com\/en\/product\/cable-electrique-coaxial-rg-58\/","title":{"rendered":"Electrical Cable COAXIAL RG 58"},"content":{"rendered":"<p>Connection for Display Terminals.<br \/>\nComposition:<br \/>\n1 - Conductor: Tinned Copper<br \/>\n2- Insulation: COAXIAL RG 58<br \/>\n3 - Sheath: PVC<br \/>\nSpecifications:<br \/>\nConductor:<br \/>\n\u2022 Inner Conductor: Tinned Copper<br \/>\n\u2022 Outer Conductor: Tinned Copper Braid<\/p>","protected":false},"excerpt":{"rendered":"<p>Connexion des terminaux de Visualisation. Constitution : 1 &#8211; Ame: Cuivre \u00e9tam\u00e9 2 &#8211; Isolation: COAXIAL RG 58 3 &#8211; Gaine : PVC Caract\u00e9ristiques : Conducteur : \u2022 Conducteur int\u00e9rieur : Cuivre \u00e9tam\u00e9 \u2022Conducteur ext\u00e9rieur : Tresse en cuivre \u00e9tam\u00e9<\/p>","protected":false},"featured_media":13652,"template":"","meta":[],"product_cat":[67,68,74],"product_tag":[],"class_list":{"0":"post-13651","1":"product","2":"type-product","3":"status-publish","4":"has-post-thumbnail","6":"product_cat-materiel-electrique","7":"product_cat-cables-electriques","8":"product_cat-cables-speciaux","10":"first","11":"instock","12":"shipping-taxable","13":"product-type-simple"},"_links":{"self":[{"href":"https:\/\/3iexport.com\/en\/wp-json\/wp\/v2\/product\/13651","targetHints":{"allow":["GET"]}}],"collection":[{"href":"https:\/\/3iexport.com\/en\/wp-json\/wp\/v2\/product"}],"about":[{"href":"https:\/\/3iexport.com\/en\/wp-json\/wp\/v2\/types\/product"}],"wp:featuredmedia":[{"embeddable":true,"href":"https:\/\/3iexport.com\/en\/wp-json\/wp\/v2\/media\/13652"}],"wp:attachment":[{"href":"https:\/\/3iexport.com\/en\/wp-json\/wp\/v2\/media?parent=13651"}],"wp:term":[{"taxonomy":"product_cat","embeddable":true,"href":"https:\/\/3iexport.com\/en\/wp-json\/wp\/v2\/product_cat?post=13651"},{"taxonomy":"product_tag","embeddable":true,"href":"https:\/\/3iexport.com\/en\/wp-json\/wp\/v2\/product_tag?post=13651"}],"curies":[{"name":"wp","href":"https:\/\/api.w.org\/{rel}","templated":true}]}}