{"id":13649,"date":"2023-12-28T12:10:54","date_gmt":"2023-12-28T11:10:54","guid":{"rendered":"https:\/\/3iexport.com\/?post_type=product&#038;p=13649"},"modified":"2023-12-28T12:10:54","modified_gmt":"2023-12-28T11:10:54","slug":"cable-dinstrumentation-eg","status":"publish","type":"product","link":"https:\/\/3iexport.com\/en\/product\/cable-dinstrumentation-eg\/","title":{"rendered":"INSTRUMENTATION CABLE (EG)"},"content":{"rendered":"<p>C\u00c2BLE D&#8217;INSTRUMENTATION (EG)<br \/>\nCes c\u00e2bles sont utilis\u00e9s dans l&#8217;industrie p\u00e9troli\u00e8re pour transmettre des signaux analogiques.<br \/>\nComposition:<br \/>\n\u2022 Conductor: Bare Copper<br \/>\n\u2022Model 05: 0.8 mm wire<br \/>\n\u2022Model 09: 7 wires of 0.4 mm each<br \/>\n\u2022Insulation : PVC<br \/>\n\u2022 Shield: Aluminum\/Polyester tape with a tinned copper continuity strand (7 x 0.20 mm)<br \/>\n\u2022 Armor : 2 steel tape shields<br \/>\n\u2022Sheath: Light blue PVC-RH<\/p>","protected":false},"excerpt":{"rendered":"<p>C\u00c2BLE D&#8217;INSTRUMENTATION (EG) Ces c\u00e2bles sont utilis\u00e9s dans l&#8217;industrie p\u00e9troli\u00e8re pour transmettre des signaux analogiques. Constitution : \u2022 \u00c2me: Cuivre nu \u2022 Mod\u00e8le 05: Fil de 0,8 mm \u2022 Mod\u00e8le 09: 7 fils de 0,4 mm \u2022 Isolation: PVC \u2022 \u00c9cran : Ruban en aluminium\/polyester avec un toron de continuit\u00e9 en cuivre \u00e9tam\u00e9 (7 x&#8230;<\/p>","protected":false},"featured_media":13650,"template":"","meta":[],"product_cat":[67,68,74],"product_tag":[],"class_list":{"0":"post-13649","1":"product","2":"type-product","3":"status-publish","4":"has-post-thumbnail","6":"product_cat-materiel-electrique","7":"product_cat-cables-electriques","8":"product_cat-cables-speciaux","10":"first","11":"instock","12":"shipping-taxable","13":"product-type-simple"},"_links":{"self":[{"href":"https:\/\/3iexport.com\/en\/wp-json\/wp\/v2\/product\/13649","targetHints":{"allow":["GET"]}}],"collection":[{"href":"https:\/\/3iexport.com\/en\/wp-json\/wp\/v2\/product"}],"about":[{"href":"https:\/\/3iexport.com\/en\/wp-json\/wp\/v2\/types\/product"}],"wp:featuredmedia":[{"embeddable":true,"href":"https:\/\/3iexport.com\/en\/wp-json\/wp\/v2\/media\/13650"}],"wp:attachment":[{"href":"https:\/\/3iexport.com\/en\/wp-json\/wp\/v2\/media?parent=13649"}],"wp:term":[{"taxonomy":"product_cat","embeddable":true,"href":"https:\/\/3iexport.com\/en\/wp-json\/wp\/v2\/product_cat?post=13649"},{"taxonomy":"product_tag","embeddable":true,"href":"https:\/\/3iexport.com\/en\/wp-json\/wp\/v2\/product_tag?post=13649"}],"curies":[{"name":"wp","href":"https:\/\/api.w.org\/{rel}","templated":true}]}}