{"id":13646,"date":"2023-12-28T12:04:37","date_gmt":"2023-12-28T11:04:37","guid":{"rendered":"https:\/\/3iexport.com\/?post_type=product&#038;p=13646"},"modified":"2024-01-03T15:45:14","modified_gmt":"2024-01-03T14:45:14","slug":"cables-triphase-de-36-6-kv-jusqua-18-30-kv","status":"publish","type":"product","link":"https:\/\/3iexport.com\/en\/product\/cables-triphase-de-36-6-kv-jusqua-18-30-kv\/","title":{"rendered":"C\u00e2bles Triphas\u00e9 De 3,6\/6 KV Jusqu&#8217;\u00e0 18\/30 KV"},"content":{"rendered":"<p>Pour les installations dans le sol, dans l&#8217;eau, \u00e0 l&#8217;ext\u00e9rieur, \u00e0 l&#8217;int\u00e9rieur et dans les conduits, destin\u00e9s aux centrales \u00e9lectriques, \u00e0 l&#8217;industrie et aux r\u00e9seaux de distribution.<\/p>\n<ul>\n<li><strong>Conductor Construction:<\/strong><\/li>\n<\/ul>\n<p><strong>Aluminum or copper: <\/strong>Class 2<\/p>\n<p><strong>\u00a0<\/strong><\/p>\n<ul>\n<li><strong>Technical Data:<\/strong><\/li>\n<\/ul>\n<p><strong>Nominal voltage: <\/strong>3.6\/6 KV, 6\/10 KV, 8.7\/15 KV, 12\/20 KV, 18\/30 KV<\/p>\n<p><strong>Maximum conductor temperature during operation: <\/strong>+90 \u00b0C<\/p>\n<p><strong>Maximum short-circuit temperature: <\/strong>+250 \u00b0C<\/p>\n<p><strong>\u00a0<\/strong><\/p>\n<ul>\n<li><strong>Specifications:<\/strong><\/li>\n<\/ul>\n<p>Une couche de semi-conducteur extrud\u00e9 est appliqu\u00e9e sur l&#8217;isolant pour une meilleure performance.<\/p>\n<p>A semiconductor tape is applied on the outer layer.<\/p>\n<p>A copper tape or copper wires are applied on the semiconductor layer.<\/p>\n<p><strong>Armor: <\/strong>Bande d&#8217;acier ou fil d&#8217;acier.<\/p>\n<p><strong>Outer sheath: <\/strong>Red PVC or PE.<\/p>","protected":false},"excerpt":{"rendered":"<p>Pour les installations dans le sol, dans l&#8217;eau, \u00e0 l&#8217;ext\u00e9rieur, \u00e0 l&#8217;int\u00e9rieur et dans les conduits, destin\u00e9s aux centrales \u00e9lectriques, \u00e0 l&#8217;industrie et aux r\u00e9seaux de distribution. Construction du conducteur : Aluminium ou cuivre : classe 2 \u00a0 Donn\u00e9es techniques : Tension nominale : 3,6\/6 KV, 6\/10 KV, 8,7\/15 KV, 12\/20 KV, 18\/30 KV Temp\u00e9rature&#8230;<\/p>","protected":false},"featured_media":13647,"template":"","meta":[],"product_cat":[67,68,73],"product_tag":[],"class_list":{"0":"post-13646","1":"product","2":"type-product","3":"status-publish","4":"has-post-thumbnail","6":"product_cat-materiel-electrique","7":"product_cat-cables-electriques","8":"product_cat-cables-d_energie-mt","10":"first","11":"instock","12":"shipping-taxable","13":"product-type-simple"},"_links":{"self":[{"href":"https:\/\/3iexport.com\/en\/wp-json\/wp\/v2\/product\/13646","targetHints":{"allow":["GET"]}}],"collection":[{"href":"https:\/\/3iexport.com\/en\/wp-json\/wp\/v2\/product"}],"about":[{"href":"https:\/\/3iexport.com\/en\/wp-json\/wp\/v2\/types\/product"}],"wp:featuredmedia":[{"embeddable":true,"href":"https:\/\/3iexport.com\/en\/wp-json\/wp\/v2\/media\/13647"}],"wp:attachment":[{"href":"https:\/\/3iexport.com\/en\/wp-json\/wp\/v2\/media?parent=13646"}],"wp:term":[{"taxonomy":"product_cat","embeddable":true,"href":"https:\/\/3iexport.com\/en\/wp-json\/wp\/v2\/product_cat?post=13646"},{"taxonomy":"product_tag","embeddable":true,"href":"https:\/\/3iexport.com\/en\/wp-json\/wp\/v2\/product_tag?post=13646"}],"curies":[{"name":"wp","href":"https:\/\/api.w.org\/{rel}","templated":true}]}}