{"id":13641,"date":"2023-12-28T12:00:25","date_gmt":"2023-12-28T11:00:25","guid":{"rendered":"https:\/\/3iexport.com\/?post_type=product&#038;p=13641"},"modified":"2023-12-28T12:00:25","modified_gmt":"2023-12-28T11:00:25","slug":"cable-electrique-u-1000-svov-telecommande","status":"publish","type":"product","link":"https:\/\/3iexport.com\/en\/product\/cable-electrique-u-1000-svov-telecommande\/","title":{"rendered":"U 1000 SVOV TELECOMMANDE Electrical Cable"},"content":{"rendered":"<p style=\"background: white; margin: 0cm 0cm 7.5pt 0cm;\"><span style=\"font-size: 10.0pt; font-family: Poppins; color: black; letter-spacing: .75pt;\">These cables are specifically designed for telecontrol and instrumentation applications in installations exposed to high levels of vibrations.<\/span><\/p>\n<p style=\"background: white; margin: 0cm 0cm 7.5pt 0cm;\"><strong><span style=\"font-size: 10.0pt; font-family: Poppins; color: black; letter-spacing: .75pt;\">Composition:<\/span><\/strong><\/p>\n<p style=\"background: white; margin: 0cm 0cm 7.5pt 0cm;\"><span style=\"font-size: 10.0pt; font-family: Poppins; color: black; letter-spacing: .75pt;\">Conductor: Stranded copper<\/span><\/p>\n<p style=\"background: white; margin: 0cm 0cm 7.5pt 0cm;\"><span style=\"font-size: 10.0pt; font-family: Poppins; color: black; letter-spacing: .75pt;\">Insulation: PVC<\/span><\/p>\n<p style=\"background: white; margin: 0cm 0cm 7.5pt 0cm;\"><span style=\"font-size: 10.0pt; font-family: Poppins; color: black; letter-spacing: .75pt;\">Filling: PVC<\/span><\/p>\n<p style=\"background: white; margin: 0cm 0cm 7.5pt 0cm;\"><span style=\"font-size: 10.0pt; font-family: Poppins; color: black; letter-spacing: .75pt;\">Sheath: PVC<\/span><\/p>","protected":false},"excerpt":{"rendered":"<p>Ces c\u00e2bles sont destin\u00e9s \u00e0 la t\u00e9l\u00e9commande et \u00e0 l\u2019instrumentation pour les installations soumises \u00e0 des fortes vibrations. Constitution : Ame : Cuivre c\u00e2bl\u00e9 Isolation : PVC Bourrage : PVC Gaine : PVC<\/p>","protected":false},"featured_media":13642,"template":"","meta":[],"product_cat":[67,68,72],"product_tag":[],"class_list":{"0":"post-13641","1":"product","2":"type-product","3":"status-publish","4":"has-post-thumbnail","6":"product_cat-materiel-electrique","7":"product_cat-cables-electriques","8":"product_cat-cables-bt-industriels","10":"first","11":"instock","12":"shipping-taxable","13":"product-type-simple"},"_links":{"self":[{"href":"https:\/\/3iexport.com\/en\/wp-json\/wp\/v2\/product\/13641","targetHints":{"allow":["GET"]}}],"collection":[{"href":"https:\/\/3iexport.com\/en\/wp-json\/wp\/v2\/product"}],"about":[{"href":"https:\/\/3iexport.com\/en\/wp-json\/wp\/v2\/types\/product"}],"wp:featuredmedia":[{"embeddable":true,"href":"https:\/\/3iexport.com\/en\/wp-json\/wp\/v2\/media\/13642"}],"wp:attachment":[{"href":"https:\/\/3iexport.com\/en\/wp-json\/wp\/v2\/media?parent=13641"}],"wp:term":[{"taxonomy":"product_cat","embeddable":true,"href":"https:\/\/3iexport.com\/en\/wp-json\/wp\/v2\/product_cat?post=13641"},{"taxonomy":"product_tag","embeddable":true,"href":"https:\/\/3iexport.com\/en\/wp-json\/wp\/v2\/product_tag?post=13641"}],"curies":[{"name":"wp","href":"https:\/\/api.w.org\/{rel}","templated":true}]}}