{"id":13639,"date":"2023-12-28T11:59:07","date_gmt":"2023-12-28T10:59:07","guid":{"rendered":"https:\/\/3iexport.com\/?post_type=product&#038;p=13639"},"modified":"2023-12-28T11:59:17","modified_gmt":"2023-12-28T10:59:17","slug":"cable-electrique-u-1000-svov","status":"publish","type":"product","link":"https:\/\/3iexport.com\/en\/product\/cable-electrique-u-1000-svov\/","title":{"rendered":"U 1000 SVOV Electrical Cable"},"content":{"rendered":"<p style=\"background: white; margin: 0cm 0cm 7.5pt 0cm;\"><span style=\"font-size: 10.0pt; font-family: Poppins; color: black; letter-spacing: .75pt;\">These cables are specifically designed for telecontrol and instrumentation applications in installations exposed to high levels of vibrations.<\/span><\/p>\n<p style=\"background: white; margin: 0cm 0cm 7.5pt 0cm;\"><strong><span style=\"font-size: 10.0pt; font-family: Poppins; color: black; letter-spacing: .75pt;\">Composition:<\/span><\/strong><\/p>\n<p style=\"background: white; margin: 0cm 0cm 7.5pt 0cm;\"><span style=\"font-size: 10.0pt; font-family: Poppins; color: black; letter-spacing: .75pt;\">Conductor: Stranded Copper<\/span><\/p>\n<p style=\"background: white; margin: 0cm 0cm 7.5pt 0cm;\"><span style=\"font-size: 10.0pt; font-family: Poppins; color: black; letter-spacing: .75pt;\">Insulation: PVC<\/span><\/p>\n<p style=\"background: white; margin: 0cm 0cm 7.5pt 0cm;\"><span style=\"font-size: 10.0pt; font-family: Poppins; color: black; letter-spacing: .75pt;\">Filling: PVC<\/span><\/p>\n<p style=\"background: white; margin: 0cm 0cm 7.5pt 0cm;\"><span style=\"font-size: 10.0pt; font-family: Poppins; color: black; letter-spacing: .75pt;\">Sheath: Black PVC<\/span><\/p>\n<p style=\"background: white; margin: 0cm 0cm 7.5pt 0cm;\"><strong><span style=\"font-size: 10.0pt; font-family: Poppins; color: black; letter-spacing: .75pt;\">Specifications:<\/span><\/strong><\/p>\n<p style=\"background: white; margin: 0cm 0cm 7.5pt 0cm;\"><span style=\"font-size: 10.0pt; font-family: Poppins; color: black; letter-spacing: .75pt;\">Nominal Voltage: 1000 V<\/span><\/p>\n<p style=\"background: white; margin: 0cm 0cm 7.5pt 0cm;\"><span style=\"font-size: 10.0pt; font-family: Poppins; color: black; letter-spacing: .75pt;\">Conductor: Class 5 Flexible Copper<\/span><\/p>\n<p style=\"background: white; margin: 0cm 0cm 7.5pt 0cm;\"><span style=\"font-size: 10.0pt; font-family: Poppins; color: black; letter-spacing: .75pt;\">Maximum Permissible Temperature:  70\u00b0C Continuous \/ 150\u00b0C Short-Circuit<\/span><\/p>\n<p style=\"background: white; margin: 0cm 0cm 7.5pt 0cm;\"><strong><span style=\"font-size: 10.0pt; font-family: Poppins; color: black; letter-spacing: .75pt;\">Conductor identification:<\/span><\/strong><\/p>\n<p style=\"background: white; margin: 0cm 0cm 7.5pt 0cm;\"><span style=\"font-size: 10.0pt; font-family: Poppins; color: black; letter-spacing: .75pt;\">&#8211;<b>Type A :<\/b> With protective conductor Black-blue; Black-blue-V\/J; Black-blue-brown-V\/J; Black-blue-brown-red-V\/J<\/span><\/p>\n<p style=\"background: white; margin: 0cm 0cm 7.5pt 0cm;\"><span style=\"font-size: 10.0pt; font-family: Poppins; color: black; letter-spacing: .75pt;\">&#8211;<b>Type B :<\/b> Without protective conductor Black-blue; Black-blue-brown; Black-blue-brown-red; Black-blue-brown-red-black<\/span><\/p>","protected":false},"excerpt":{"rendered":"<p>Ces c\u00e2bles sont destin\u00e9s \u00e0 la t\u00e9l\u00e9commande et \u00e0 l\u2019instrumentation pour les installations soumises \u00e0 des fortes vibrations. Constitution : Ame : Cuivre cabl\u00e9 Isolation : PVC Bourrage : PVC Gaine : PVC Noir Caract\u00e9ristiques : Tension nominale : 1000 V Conducteur : Cuivre souple classe 5 Temp\u00e9rature max. admissible : 70\u00b0 C En permanence&#8230;<\/p>","protected":false},"featured_media":13640,"template":"","meta":[],"product_cat":[67,68,72],"product_tag":[],"class_list":{"0":"post-13639","1":"product","2":"type-product","3":"status-publish","4":"has-post-thumbnail","6":"product_cat-materiel-electrique","7":"product_cat-cables-electriques","8":"product_cat-cables-bt-industriels","10":"first","11":"instock","12":"shipping-taxable","13":"product-type-simple"},"_links":{"self":[{"href":"https:\/\/3iexport.com\/en\/wp-json\/wp\/v2\/product\/13639","targetHints":{"allow":["GET"]}}],"collection":[{"href":"https:\/\/3iexport.com\/en\/wp-json\/wp\/v2\/product"}],"about":[{"href":"https:\/\/3iexport.com\/en\/wp-json\/wp\/v2\/types\/product"}],"wp:featuredmedia":[{"embeddable":true,"href":"https:\/\/3iexport.com\/en\/wp-json\/wp\/v2\/media\/13640"}],"wp:attachment":[{"href":"https:\/\/3iexport.com\/en\/wp-json\/wp\/v2\/media?parent=13639"}],"wp:term":[{"taxonomy":"product_cat","embeddable":true,"href":"https:\/\/3iexport.com\/en\/wp-json\/wp\/v2\/product_cat?post=13639"},{"taxonomy":"product_tag","embeddable":true,"href":"https:\/\/3iexport.com\/en\/wp-json\/wp\/v2\/product_tag?post=13639"}],"curies":[{"name":"wp","href":"https:\/\/api.w.org\/{rel}","templated":true}]}}