{"id":13637,"date":"2023-12-28T11:58:16","date_gmt":"2023-12-28T10:58:16","guid":{"rendered":"https:\/\/3iexport.com\/?post_type=product&#038;p=13637"},"modified":"2023-12-28T11:58:16","modified_gmt":"2023-12-28T10:58:16","slug":"cable-electrique-u-1000-rvfv-telecommande","status":"publish","type":"product","link":"https:\/\/3iexport.com\/en\/product\/cable-electrique-u-1000-rvfv-telecommande\/","title":{"rendered":"U 1000 RVFV TELECOMMANDE Electrical Cable"},"content":{"rendered":"<p style=\"background: white; margin: 0cm 0cm 7.5pt 0cm;\"><span style=\"font-size: 10.0pt; font-family: Poppins; color: black; letter-spacing: .75pt;\">This cable is recommended for applications where mechanical protection is necessary.<\/span><\/p>\n<p style=\"background: white; margin: 0cm 0cm 7.5pt 0cm;\"><strong><span style=\"font-size: 10.0pt; font-family: Poppins; color: black; letter-spacing: .75pt;\">Composition:<\/span><\/strong><\/p>\n<p style=\"background: white; margin: 0cm 0cm 7.5pt 0cm;\"><span style=\"font-size: 10.0pt; font-family: Poppins; color: black; letter-spacing: .75pt;\">Conductor: Solid Copper<\/span><\/p>\n<p style=\"background: white; margin: 0cm 0cm 7.5pt 0cm;\"><span style=\"font-size: 10.0pt; font-family: Poppins; color: black; letter-spacing: .75pt;\">Insulation: PRS<\/span><\/p>\n<p style=\"background: white; margin: 0cm 0cm 7.5pt 0cm;\"><span style=\"font-size: 10.0pt; font-family: Poppins; color: black; letter-spacing: .75pt;\">Filling: PVC<\/span><\/p>\n<p style=\"background: white; margin: 0cm 0cm 7.5pt 0cm;\"><span style=\"font-size: 10.0pt; font-family: Poppins; color: black; letter-spacing: .75pt;\">Armor: Two steel tapes<\/span><\/p>\n<p style=\"background: white; margin: 0cm 0cm 7.5pt 0cm;\"><span style=\"font-size: 10.0pt; font-family: Poppins; color: black; letter-spacing: .75pt;\">Sheath: Black PVC<\/span><\/p>","protected":false},"excerpt":{"rendered":"<p>Ce c\u00e2ble est recommand\u00e9 lorsque la protection m\u00e9canique est n\u00e9cessaire. Constitution : Ame : Cuivre massif Isolation : PRS Bourrage : PVC Armure : Deux feuillards acier Gaine : PVC noir<\/p>","protected":false},"featured_media":13638,"template":"","meta":[],"product_cat":[67,68,72],"product_tag":[],"class_list":{"0":"post-13637","1":"product","2":"type-product","3":"status-publish","4":"has-post-thumbnail","6":"product_cat-materiel-electrique","7":"product_cat-cables-electriques","8":"product_cat-cables-bt-industriels","10":"first","11":"instock","12":"shipping-taxable","13":"product-type-simple"},"_links":{"self":[{"href":"https:\/\/3iexport.com\/en\/wp-json\/wp\/v2\/product\/13637","targetHints":{"allow":["GET"]}}],"collection":[{"href":"https:\/\/3iexport.com\/en\/wp-json\/wp\/v2\/product"}],"about":[{"href":"https:\/\/3iexport.com\/en\/wp-json\/wp\/v2\/types\/product"}],"wp:featuredmedia":[{"embeddable":true,"href":"https:\/\/3iexport.com\/en\/wp-json\/wp\/v2\/media\/13638"}],"wp:attachment":[{"href":"https:\/\/3iexport.com\/en\/wp-json\/wp\/v2\/media?parent=13637"}],"wp:term":[{"taxonomy":"product_cat","embeddable":true,"href":"https:\/\/3iexport.com\/en\/wp-json\/wp\/v2\/product_cat?post=13637"},{"taxonomy":"product_tag","embeddable":true,"href":"https:\/\/3iexport.com\/en\/wp-json\/wp\/v2\/product_tag?post=13637"}],"curies":[{"name":"wp","href":"https:\/\/api.w.org\/{rel}","templated":true}]}}