{"id":13635,"date":"2023-12-28T11:57:25","date_gmt":"2023-12-28T10:57:25","guid":{"rendered":"https:\/\/3iexport.com\/?post_type=product&#038;p=13635"},"modified":"2023-12-28T11:57:26","modified_gmt":"2023-12-28T10:57:26","slug":"cable-electrique-u-1000-rvfv-u-1000-arvfv","status":"publish","type":"product","link":"https:\/\/3iexport.com\/en\/product\/cable-electrique-u-1000-rvfv-u-1000-arvfv\/","title":{"rendered":"U 1000 RVFV &amp; U 1000 ARVFV Electrical Cables"},"content":{"rendered":"<p style=\"background: white; margin: 0cm 0cm 7.5pt 0cm;\"><span style=\"font-size: 10.0pt; font-family: Poppins; color: black; letter-spacing: .75pt;\">These cables are specifically intended for industrial installations that require mechanical protection.<\/span><\/p>\n<p style=\"background: white; margin: 0cm 0cm 7.5pt 0cm;\"><strong><span style=\"font-size: 10.0pt; font-family: Poppins; color: black; letter-spacing: .75pt;\">Composition:<\/span><\/strong><\/p>\n<p style=\"background: white; margin: 0cm 0cm 7.5pt 0cm;\"><span style=\"font-size: 10.0pt; font-family: Poppins; color: black; letter-spacing: .75pt;\">Conductor: Solid Copper or Stranded\/Aluminum Conductor (ARVFV)\u00a0<\/span><\/p>\n<p style=\"background: white; margin: 0cm 0cm 7.5pt 0cm;\"><span style=\"font-size: 10.0pt; font-family: Poppins; color: black; letter-spacing: .75pt;\">Insulation: PR<\/span><\/p>\n<p style=\"background: white; margin: 0cm 0cm 7.5pt 0cm;\"><span style=\"font-size: 10.0pt; font-family: Poppins; color: black; letter-spacing: .75pt;\">Filling: PVC<\/span><\/p>\n<p style=\"background: white; margin: 0cm 0cm 7.5pt 0cm;\"><span style=\"font-size: 10.0pt; font-family: Poppins; color: black; letter-spacing: .75pt;\">Armor: Two steel tapes<\/span><\/p>\n<p style=\"background: white; margin: 0cm 0cm 7.5pt 0cm;\"><span style=\"font-size: 10.0pt; font-family: Poppins; color: black; letter-spacing: .75pt;\">Sheath: Black PVC<\/span><\/p>","protected":false},"excerpt":{"rendered":"<p>Ces c\u00e2bles sont destin\u00e9s aux installations industrielles n\u00e9cessitant une protection m\u00e9canique. Constitution : Ame : Cuivre massif ou c\u00e2bl\u00e9\/ Aluminium c\u00e2bl\u00e9 (ARVFV)\u00a0 Isolation : PR Bourrage : PVC Armure : Deux feuillards acier Gaine : PVC noir<\/p>","protected":false},"featured_media":13636,"template":"","meta":[],"product_cat":[67,68,72],"product_tag":[],"class_list":{"0":"post-13635","1":"product","2":"type-product","3":"status-publish","4":"has-post-thumbnail","6":"product_cat-materiel-electrique","7":"product_cat-cables-electriques","8":"product_cat-cables-bt-industriels","10":"first","11":"instock","12":"shipping-taxable","13":"product-type-simple"},"_links":{"self":[{"href":"https:\/\/3iexport.com\/en\/wp-json\/wp\/v2\/product\/13635","targetHints":{"allow":["GET"]}}],"collection":[{"href":"https:\/\/3iexport.com\/en\/wp-json\/wp\/v2\/product"}],"about":[{"href":"https:\/\/3iexport.com\/en\/wp-json\/wp\/v2\/types\/product"}],"wp:featuredmedia":[{"embeddable":true,"href":"https:\/\/3iexport.com\/en\/wp-json\/wp\/v2\/media\/13636"}],"wp:attachment":[{"href":"https:\/\/3iexport.com\/en\/wp-json\/wp\/v2\/media?parent=13635"}],"wp:term":[{"taxonomy":"product_cat","embeddable":true,"href":"https:\/\/3iexport.com\/en\/wp-json\/wp\/v2\/product_cat?post=13635"},{"taxonomy":"product_tag","embeddable":true,"href":"https:\/\/3iexport.com\/en\/wp-json\/wp\/v2\/product_tag?post=13635"}],"curies":[{"name":"wp","href":"https:\/\/api.w.org\/{rel}","templated":true}]}}