{"id":13633,"date":"2023-12-28T11:55:58","date_gmt":"2023-12-28T10:55:58","guid":{"rendered":"https:\/\/3iexport.com\/?post_type=product&#038;p=13633"},"modified":"2023-12-28T11:55:58","modified_gmt":"2023-12-28T10:55:58","slug":"cable-electrique-u-1000-r2v-telecommande","status":"publish","type":"product","link":"https:\/\/3iexport.com\/en\/product\/cable-electrique-u-1000-r2v-telecommande\/","title":{"rendered":"U 1000 R2V TELECOMMANDE Electrical Cable"},"content":{"rendered":"<p>This cable is intended for industrial installations, building riser applications, and low-voltage (LV) public lighting. It is not recommended to use this cable in areas that are flooded for more than two months per year.<\/p>\n<p><strong>Composition:<\/strong><\/p>\n<p>Conductor: Bare or tinned copper<\/p>\n<p>Insulation: PR<\/p>\n<p>Filling: PVC or assembly tape<\/p>\n<p>Sheath: Black PVC<\/p>","protected":false},"excerpt":{"rendered":"<p>Ce c\u00e2ble est destin\u00e9 aux installations industrielles, colonne montante d\u2019immeuble et \u00e9clairage public basse tension (BT). Il est d\u00e9conseill\u00e9 d\u2019utiliser ce c\u00e2ble dans des terrains inond\u00e9s plus de deux mois par an. Constitution : Ame : Cuivre nu ou \u00e9tam\u00e9 Isolation : PR Bourrage : PVC ou Ruban d\u2019assemblage Gaine : PVC noir<\/p>","protected":false},"featured_media":13634,"template":"","meta":[],"product_cat":[67,68,72],"product_tag":[],"class_list":{"0":"post-13633","1":"product","2":"type-product","3":"status-publish","4":"has-post-thumbnail","6":"product_cat-materiel-electrique","7":"product_cat-cables-electriques","8":"product_cat-cables-bt-industriels","10":"first","11":"instock","12":"shipping-taxable","13":"product-type-simple"},"_links":{"self":[{"href":"https:\/\/3iexport.com\/en\/wp-json\/wp\/v2\/product\/13633","targetHints":{"allow":["GET"]}}],"collection":[{"href":"https:\/\/3iexport.com\/en\/wp-json\/wp\/v2\/product"}],"about":[{"href":"https:\/\/3iexport.com\/en\/wp-json\/wp\/v2\/types\/product"}],"wp:featuredmedia":[{"embeddable":true,"href":"https:\/\/3iexport.com\/en\/wp-json\/wp\/v2\/media\/13634"}],"wp:attachment":[{"href":"https:\/\/3iexport.com\/en\/wp-json\/wp\/v2\/media?parent=13633"}],"wp:term":[{"taxonomy":"product_cat","embeddable":true,"href":"https:\/\/3iexport.com\/en\/wp-json\/wp\/v2\/product_cat?post=13633"},{"taxonomy":"product_tag","embeddable":true,"href":"https:\/\/3iexport.com\/en\/wp-json\/wp\/v2\/product_tag?post=13633"}],"curies":[{"name":"wp","href":"https:\/\/api.w.org\/{rel}","templated":true}]}}