{"id":13630,"date":"2023-12-28T11:54:27","date_gmt":"2023-12-28T10:54:27","guid":{"rendered":"https:\/\/3iexport.com\/?post_type=product&#038;p=13630"},"modified":"2023-12-28T11:54:43","modified_gmt":"2023-12-28T10:54:43","slug":"cable-electrique-u-1000-r2v-u-1000-ar2v","status":"publish","type":"product","link":"https:\/\/3iexport.com\/en\/product\/cable-electrique-u-1000-r2v-u-1000-ar2v\/","title":{"rendered":"U 1000 R2V &amp; U 1000 AR2V Electrical Cables"},"content":{"rendered":"<p style=\"background: white; margin: 0cm 0cm 7.5pt 0cm;\"><span style=\"font-size: 10.0pt; font-family: Poppins; color: black; letter-spacing: .75pt;\">These cables are specifically designed for industrial installations, building riser applications, and low-voltage (LV) public lighting. It is not recommended to use this cable in areas that experience more than two months of annual flooding.<\/span><\/p>\n<p style=\"background: white; margin: 0cm 0cm 7.5pt 0cm;\"><strong><span style=\"font-size: 10.0pt; font-family: Poppins; color: black; letter-spacing: .75pt;\">Composition:<\/span><\/strong><\/p>\n<p style=\"background: white; margin: 0cm 0cm 7.5pt 0cm;\"><span style=\"font-size: 10.0pt; font-family: Poppins; color: black; letter-spacing: .75pt;\">Conductor: Solid Copper or Stranded\/Aluminum Conductor (AR2V)<\/span><\/p>\n<p style=\"background: white; margin: 0cm 0cm 7.5pt 0cm;\"><span style=\"font-size: 10.0pt; font-family: Poppins; color: black; letter-spacing: .75pt;\">Insulation: PR<\/span><\/p>\n<p style=\"background: white; margin: 0cm 0cm 7.5pt 0cm;\"><span style=\"font-size: 10.0pt; font-family: Poppins; color: black; letter-spacing: .75pt;\">Filling: PVC<\/span><\/p>\n<p style=\"background: white; margin: 0cm 0cm 7.5pt 0cm;\"><span style=\"font-size: 10.0pt; font-family: Poppins; color: black; letter-spacing: .75pt;\">\u00a0Sheath: Black PVC<\/span><\/p>","protected":false},"excerpt":{"rendered":"<p>Ces c\u00e2bles sont destin\u00e9s aux installations industrielles, colonne montante d\u2019immeuble et \u00e9clairage public basse tension (BT). Il est d\u00e9conseill\u00e9 d\u2019utiliser ce c\u00e2ble dans des terrains inond\u00e9s plus de deux mois par an. Constitution : Ame : Cuivre massif ou c\u00e2bl\u00e9 \/Aluminium c\u00e2bl\u00e9 (AR2V) Isolation : PR Bourrage : PVC \u00a0Gaine : PVC noir<\/p>","protected":false},"featured_media":13631,"template":"","meta":[],"product_cat":[67,68,72],"product_tag":[],"class_list":{"0":"post-13630","1":"product","2":"type-product","3":"status-publish","4":"has-post-thumbnail","6":"product_cat-materiel-electrique","7":"product_cat-cables-electriques","8":"product_cat-cables-bt-industriels","10":"first","11":"instock","12":"shipping-taxable","13":"product-type-simple"},"_links":{"self":[{"href":"https:\/\/3iexport.com\/en\/wp-json\/wp\/v2\/product\/13630","targetHints":{"allow":["GET"]}}],"collection":[{"href":"https:\/\/3iexport.com\/en\/wp-json\/wp\/v2\/product"}],"about":[{"href":"https:\/\/3iexport.com\/en\/wp-json\/wp\/v2\/types\/product"}],"wp:featuredmedia":[{"embeddable":true,"href":"https:\/\/3iexport.com\/en\/wp-json\/wp\/v2\/media\/13631"}],"wp:attachment":[{"href":"https:\/\/3iexport.com\/en\/wp-json\/wp\/v2\/media?parent=13630"}],"wp:term":[{"taxonomy":"product_cat","embeddable":true,"href":"https:\/\/3iexport.com\/en\/wp-json\/wp\/v2\/product_cat?post=13630"},{"taxonomy":"product_tag","embeddable":true,"href":"https:\/\/3iexport.com\/en\/wp-json\/wp\/v2\/product_tag?post=13630"}],"curies":[{"name":"wp","href":"https:\/\/api.w.org\/{rel}","templated":true}]}}