{"id":13628,"date":"2023-12-28T11:26:47","date_gmt":"2023-12-28T10:26:47","guid":{"rendered":"https:\/\/3iexport.com\/?post_type=product&#038;p=13628"},"modified":"2023-12-28T11:26:48","modified_gmt":"2023-12-28T10:26:48","slug":"cable-electrique-nyy-telecommande","status":"publish","type":"product","link":"https:\/\/3iexport.com\/en\/product\/cable-electrique-nyy-telecommande\/","title":{"rendered":"NYY &amp; NAYY Electrical Cables"},"content":{"rendered":"<p>Ces c\u00e2bles sont destin\u00e9s aux applications de t\u00e9l\u00e9commande et d&#8217;instrumentation ne n\u00e9cessitant pas d&#8217;\u00e9cran anti-inductif (par exemple, lorsqu&#8217;il n&#8217;y a pas d&#8217;interactions capacitives). Le NYY-R, \u00e9quip\u00e9 d&#8217;une \u00e2me c\u00e2bl\u00e9e, est sp\u00e9cifiquement con\u00e7u pour les installations soumises \u00e0 des vibrations.<\/p>\n<p><strong>Composition:<\/strong><\/p>\n<p>Conductor: Solid Copper \/ Stranded Copper<\/p>\n<p>Insulation: PVC<\/p>\n<p>Filling: PVC (or assembly tape)<\/p>\n<p>Sheath: Gray PVC<\/p>","protected":false},"excerpt":{"rendered":"<p>Ces c\u00e2bles sont destin\u00e9s aux applications de t\u00e9l\u00e9commande et d&#8217;instrumentation ne n\u00e9cessitant pas d&#8217;\u00e9cran anti-inductif (par exemple, lorsqu&#8217;il n&#8217;y a pas d&#8217;interactions capacitives). Le NYY-R, \u00e9quip\u00e9 d&#8217;une \u00e2me c\u00e2bl\u00e9e, est sp\u00e9cifiquement con\u00e7u pour les installations soumises \u00e0 des vibrations. Constitution : Ame : Cuivre massif \/Cuivre c\u00e2bl\u00e9 Isolation : PVC Bourrage : PVC (ou ruban&#8230;<\/p>","protected":false},"featured_media":13629,"template":"","meta":[],"product_cat":[67,68,72],"product_tag":[],"class_list":{"0":"post-13628","1":"product","2":"type-product","3":"status-publish","4":"has-post-thumbnail","6":"product_cat-materiel-electrique","7":"product_cat-cables-electriques","8":"product_cat-cables-bt-industriels","10":"first","11":"instock","12":"shipping-taxable","13":"product-type-simple"},"_links":{"self":[{"href":"https:\/\/3iexport.com\/en\/wp-json\/wp\/v2\/product\/13628","targetHints":{"allow":["GET"]}}],"collection":[{"href":"https:\/\/3iexport.com\/en\/wp-json\/wp\/v2\/product"}],"about":[{"href":"https:\/\/3iexport.com\/en\/wp-json\/wp\/v2\/types\/product"}],"wp:featuredmedia":[{"embeddable":true,"href":"https:\/\/3iexport.com\/en\/wp-json\/wp\/v2\/media\/13629"}],"wp:attachment":[{"href":"https:\/\/3iexport.com\/en\/wp-json\/wp\/v2\/media?parent=13628"}],"wp:term":[{"taxonomy":"product_cat","embeddable":true,"href":"https:\/\/3iexport.com\/en\/wp-json\/wp\/v2\/product_cat?post=13628"},{"taxonomy":"product_tag","embeddable":true,"href":"https:\/\/3iexport.com\/en\/wp-json\/wp\/v2\/product_tag?post=13628"}],"curies":[{"name":"wp","href":"https:\/\/api.w.org\/{rel}","templated":true}]}}