{"id":13626,"date":"2023-12-28T11:25:37","date_gmt":"2023-12-28T10:25:37","guid":{"rendered":"https:\/\/3iexport.com\/?post_type=product&#038;p=13626"},"modified":"2023-12-28T11:25:38","modified_gmt":"2023-12-28T10:25:38","slug":"cable-electrique-nyy-nayy","status":"publish","type":"product","link":"https:\/\/3iexport.com\/en\/product\/cable-electrique-nyy-nayy\/","title":{"rendered":"NYY &amp; NAYY Electrical cables"},"content":{"rendered":"<p>These cables are specifically designed for industrial installations.<\/p>\n<p><strong>Composition:<\/strong><\/p>\n<p>Conductor: Solid Copper or Stranded\/Aluminum Conductor (NAYY)<\/p>\n<p>Insulation: PVC<\/p>\n<p>Filling: PVC<\/p>\n<p>Sheath: Gray PVC<\/p>","protected":false},"excerpt":{"rendered":"<p>Ces c\u00e2bles sont destin\u00e9s aux installations industrielles. Constitution : Ame : Cuivre massif ou c\u00e2bl\u00e9\/ Aluminium c\u00e2bl\u00e9 (NAYY) Isolation : PVC Bourrage : PVC Gaine : PVC gris<\/p>","protected":false},"featured_media":13627,"template":"","meta":[],"product_cat":[67,68,72],"product_tag":[],"class_list":{"0":"post-13626","1":"product","2":"type-product","3":"status-publish","4":"has-post-thumbnail","6":"product_cat-materiel-electrique","7":"product_cat-cables-electriques","8":"product_cat-cables-bt-industriels","10":"first","11":"instock","12":"shipping-taxable","13":"product-type-simple"},"_links":{"self":[{"href":"https:\/\/3iexport.com\/en\/wp-json\/wp\/v2\/product\/13626","targetHints":{"allow":["GET"]}}],"collection":[{"href":"https:\/\/3iexport.com\/en\/wp-json\/wp\/v2\/product"}],"about":[{"href":"https:\/\/3iexport.com\/en\/wp-json\/wp\/v2\/types\/product"}],"wp:featuredmedia":[{"embeddable":true,"href":"https:\/\/3iexport.com\/en\/wp-json\/wp\/v2\/media\/13627"}],"wp:attachment":[{"href":"https:\/\/3iexport.com\/en\/wp-json\/wp\/v2\/media?parent=13626"}],"wp:term":[{"taxonomy":"product_cat","embeddable":true,"href":"https:\/\/3iexport.com\/en\/wp-json\/wp\/v2\/product_cat?post=13626"},{"taxonomy":"product_tag","embeddable":true,"href":"https:\/\/3iexport.com\/en\/wp-json\/wp\/v2\/product_tag?post=13626"}],"curies":[{"name":"wp","href":"https:\/\/api.w.org\/{rel}","templated":true}]}}