{"id":13624,"date":"2023-12-28T11:24:27","date_gmt":"2023-12-28T10:24:27","guid":{"rendered":"https:\/\/3iexport.com\/?post_type=product&#038;p=13624"},"modified":"2023-12-28T11:24:27","modified_gmt":"2023-12-28T10:24:27","slug":"cable-electrique-nyby-nayby","status":"publish","type":"product","link":"https:\/\/3iexport.com\/en\/product\/cable-electrique-nyby-nayby\/","title":{"rendered":"NYBY &amp; NAYBY Electrical Cables"},"content":{"rendered":"<p>These cables are specifically intended for industrial installations that require mechanical protection.<\/p>\n<p><strong>Composition:<\/strong><\/p>\n<p>Conductor: Solid Copper or Stranded Aluminum (NAYBY)<\/p>\n<p>Insulation: PVC<\/p>\n<p>Filling: PVC<\/p>\n<p>Armor: Two Steel Tape Armors<\/p>\n<p>Sheath: PVC<\/p>","protected":false},"excerpt":{"rendered":"<p>Ces c\u00e2bles sont destin\u00e9s aux installations industrielles n\u00e9cessitant une protection m\u00e9canique. Constitution : Ame : Cuivre massif ou c\u00e2bl\u00e9 Aluminium c\u00e2bl\u00e9 (NAYBY) Isolation : PVC Bourrage : PVC Armure : 2 Feuillards en acier Gaine : PVC<\/p>","protected":false},"featured_media":13625,"template":"","meta":[],"product_cat":[67,68,72],"product_tag":[],"class_list":{"0":"post-13624","1":"product","2":"type-product","3":"status-publish","4":"has-post-thumbnail","6":"product_cat-materiel-electrique","7":"product_cat-cables-electriques","8":"product_cat-cables-bt-industriels","10":"first","11":"instock","12":"shipping-taxable","13":"product-type-simple"},"_links":{"self":[{"href":"https:\/\/3iexport.com\/en\/wp-json\/wp\/v2\/product\/13624","targetHints":{"allow":["GET"]}}],"collection":[{"href":"https:\/\/3iexport.com\/en\/wp-json\/wp\/v2\/product"}],"about":[{"href":"https:\/\/3iexport.com\/en\/wp-json\/wp\/v2\/types\/product"}],"wp:featuredmedia":[{"embeddable":true,"href":"https:\/\/3iexport.com\/en\/wp-json\/wp\/v2\/media\/13625"}],"wp:attachment":[{"href":"https:\/\/3iexport.com\/en\/wp-json\/wp\/v2\/media?parent=13624"}],"wp:term":[{"taxonomy":"product_cat","embeddable":true,"href":"https:\/\/3iexport.com\/en\/wp-json\/wp\/v2\/product_cat?post=13624"},{"taxonomy":"product_tag","embeddable":true,"href":"https:\/\/3iexport.com\/en\/wp-json\/wp\/v2\/product_tag?post=13624"}],"curies":[{"name":"wp","href":"https:\/\/api.w.org\/{rel}","templated":true}]}}