{"id":13618,"date":"2023-12-27T17:06:34","date_gmt":"2023-12-27T16:06:34","guid":{"rendered":"https:\/\/3iexport.com\/?post_type=product&#038;p=13618"},"modified":"2024-01-03T13:00:23","modified_gmt":"2024-01-03T12:00:23","slug":"u500-svov","status":"publish","type":"product","link":"https:\/\/3iexport.com\/en\/product\/u500-svov\/","title":{"rendered":"U500 SVOV"},"content":{"rendered":"<p>CONSTRUCTION<br \/>\n1 - Conductor: Stranded copper<br \/>\n2 - Insulation: Flexible PVC<br \/>\n3 - Filler: Flexible PVC<br \/>\n4 - Sheath: Flexible PVC<br \/>\nCHARACTERISTICS<br \/>\nRated voltage: 300\/500 V &amp; 450\/750 V<br \/>\nConductor: Class 5 Flexible Copper<br \/>\nMax. permissible temperature :<br \/>\nOperating: 70\u00b0C<br \/>\nShort-circuit: 150\u00b0C<br \/>\nConductor identification:<br \/>\nType A :<br \/>\nWith protection conductor -<br \/>\nBrown-blue; Brown-blue-G\/Y;<br \/>\nBlack-grey-brown-G\/Y;<br \/>\nBlack-blue-brown-grey-G\/Y<\/p>\n<p>Type B :<br \/>\nWithout protection conductor<br \/>\nBrown-blue; black-grey<br \/>\nbrownBlack-blue-brown-grey\nBlack-blue-brown-grey-black<br \/>\nUSE<br \/>\nThese cables are intended for machine-tool equipment and flexible connections.<\/p>","protected":false},"excerpt":{"rendered":"<p>CONSTITUTION 1 &#8211; Ame : Cuivre c\u00e2bl\u00e9 2 &#8211; Isolation : PVC souple 3 &#8211; Bourrage : PVC souple 4 &#8211; Gaine : PVC souple CARACT\u00c9RISTIQUES Tension nominale : 300\/500 V &amp; 450\/750V Conducteur : Cuivre souple classe 5 Temp\u00e9rature max. admissible : 70\u00b0 C En permanence 150\u00b0 C En court-circuit Rep\u00e9rage des conducteurs :&#8230;<\/p>","protected":false},"featured_media":13619,"template":"","meta":[],"product_cat":[67,68,71],"product_tag":[],"class_list":{"0":"post-13618","1":"product","2":"type-product","3":"status-publish","4":"has-post-thumbnail","6":"product_cat-materiel-electrique","7":"product_cat-cables-electriques","8":"product_cat-cable-bt-domestiques","10":"first","11":"instock","12":"shipping-taxable","13":"product-type-simple"},"_links":{"self":[{"href":"https:\/\/3iexport.com\/en\/wp-json\/wp\/v2\/product\/13618","targetHints":{"allow":["GET"]}}],"collection":[{"href":"https:\/\/3iexport.com\/en\/wp-json\/wp\/v2\/product"}],"about":[{"href":"https:\/\/3iexport.com\/en\/wp-json\/wp\/v2\/types\/product"}],"wp:featuredmedia":[{"embeddable":true,"href":"https:\/\/3iexport.com\/en\/wp-json\/wp\/v2\/media\/13619"}],"wp:attachment":[{"href":"https:\/\/3iexport.com\/en\/wp-json\/wp\/v2\/media?parent=13618"}],"wp:term":[{"taxonomy":"product_cat","embeddable":true,"href":"https:\/\/3iexport.com\/en\/wp-json\/wp\/v2\/product_cat?post=13618"},{"taxonomy":"product_tag","embeddable":true,"href":"https:\/\/3iexport.com\/en\/wp-json\/wp\/v2\/product_tag?post=13618"}],"curies":[{"name":"wp","href":"https:\/\/api.w.org\/{rel}","templated":true}]}}