{"id":13614,"date":"2023-12-27T17:01:26","date_gmt":"2023-12-27T16:01:26","guid":{"rendered":"https:\/\/3iexport.com\/?post_type=product&#038;p=13614"},"modified":"2024-01-03T12:55:02","modified_gmt":"2024-01-03T11:55:02","slug":"ho7-v-u-_-ho7-v-r","status":"publish","type":"product","link":"https:\/\/3iexport.com\/en\/product\/ho7-v-u-_-ho7-v-r\/","title":{"rendered":"HO7 V-U _ HO7 V-R"},"content":{"rendered":"<p>CONSTRUCTION<br \/>\n1 - Conductor: Solid copper Stranded copper<br \/>\n2 - Insulation: Colored PVC<br \/>\nCARACTERISTICS<br \/>\nRated voltage:450\/750 V<br \/>\nConductor:<br \/>\nHO7 V-U Solid copper class 1<br \/>\nHO7 V-R Stranded copper class 2<br \/>\nMaximum permissible temperature:<br \/>\nOperating: 70\u00b0C<br \/>\n160\u00b0CShort-circuitT\u00b0<br \/>\nConductor identification:<br \/>\nRed, blue, black, grey, brown,<br \/>\norange, turquoise, violet, G\/Y<br \/>\nUSE<br \/>\nCe c\u00e2ble est destin\u00e9 \u00e0 la c\u00e2blerie et au c\u00e2blage des tableaux dans les locaux d&#8217;habitation, les bureaux, les administrations, etc.<br \/>\nHO7 V-R is more commonly used as it provides better contact and resistance to vibrations.<\/p>","protected":false},"excerpt":{"rendered":"<p>CONSTITUTION 1 &#8211; \u00c2me : Cuivre massif Cuivre c\u00e2bl\u00e9 2 -Isolation : PVC color\u00e9 CARACTERISTIQUES Tension nominale : 450\/750 V Conducteur : HO7 V-U : Cuivre massif, classe 1 HO7 V-R : Cuivre c\u00e2bl\u00e9, classe 2 Temp\u00e9rature maximale admissible : 70\u00b0 C En permanence 160\u00b0 C En court-circuit Rep\u00e9rage des conducteurs : Rouge, bleu, noir,&#8230;<\/p>","protected":false},"featured_media":13615,"template":"","meta":[],"product_cat":[67,68,71],"product_tag":[],"class_list":{"0":"post-13614","1":"product","2":"type-product","3":"status-publish","4":"has-post-thumbnail","6":"product_cat-materiel-electrique","7":"product_cat-cables-electriques","8":"product_cat-cable-bt-domestiques","10":"first","11":"instock","12":"shipping-taxable","13":"product-type-simple"},"_links":{"self":[{"href":"https:\/\/3iexport.com\/en\/wp-json\/wp\/v2\/product\/13614","targetHints":{"allow":["GET"]}}],"collection":[{"href":"https:\/\/3iexport.com\/en\/wp-json\/wp\/v2\/product"}],"about":[{"href":"https:\/\/3iexport.com\/en\/wp-json\/wp\/v2\/types\/product"}],"wp:featuredmedia":[{"embeddable":true,"href":"https:\/\/3iexport.com\/en\/wp-json\/wp\/v2\/media\/13615"}],"wp:attachment":[{"href":"https:\/\/3iexport.com\/en\/wp-json\/wp\/v2\/media?parent=13614"}],"wp:term":[{"taxonomy":"product_cat","embeddable":true,"href":"https:\/\/3iexport.com\/en\/wp-json\/wp\/v2\/product_cat?post=13614"},{"taxonomy":"product_tag","embeddable":true,"href":"https:\/\/3iexport.com\/en\/wp-json\/wp\/v2\/product_tag?post=13614"}],"curies":[{"name":"wp","href":"https:\/\/api.w.org\/{rel}","templated":true}]}}