{"id":13612,"date":"2023-12-27T17:00:20","date_gmt":"2023-12-27T16:00:20","guid":{"rendered":"https:\/\/3iexport.com\/?post_type=product&#038;p=13612"},"modified":"2024-01-03T12:40:09","modified_gmt":"2024-01-03T11:40:09","slug":"ho5-vv5-f-_-ao5-vv5-f","status":"publish","type":"product","link":"https:\/\/3iexport.com\/en\/product\/ho5-vv5-f-_-ao5-vv5-f\/","title":{"rendered":"HO5 VV5 &#8211; F _ AO5 VV5 &#8211; F"},"content":{"rendered":"<p>CONSTRUCTION<br \/>\n1 - Conductor: Flexible copper<br \/>\n2 - Insulation: Flexible PVC<br \/>\n3 - Filler: Flexible PVC<br \/>\n4 - Sheath: Flexible grey PVC, resistant to mineral oils<br \/>\nCARACTERISTICS<br \/>\nRated voltage: 300\/500 V<br \/>\nConductor: Class 5 Flexible Copper<br \/>\nMax. permissible temperature :<br \/>\nContinuous: 70\u00b0C<br \/>\nShort-circuit: 160\u00b0C<br \/>\nConductor identification:<br \/>\nBlack conductors marked with white numerals.<br \/>\n\u2022 n \u2265 3: 1,2, with a G\/Y conductor at the end.<br \/>\n\u2022 n &lt; 3: without G\/Y conductor.<br \/>\nUSE<br \/>\nThese cables are intended for use in tool-machine equipment and flexible connections where protection<br \/>\nprotection contre la pr\u00e9sence d&#8217;huile ou d&#8217;acide est recherch\u00e9e.<\/p>","protected":false},"excerpt":{"rendered":"<p>CONSTITUTION 1 &#8211; \u00c2me : Cuivre souple 2 -Isolation : PVC souple 3 &#8211; Bourrage : PVC souple 4 &#8211; Gaine : PVC souple, Gris, r\u00e9sistant aux huiles min\u00e9rales CARACTERISTIQUES Tension nominale : 300\/500 V Conducteur : Cuivre souple classe 5 Temp\u00e9rature max. admissible : En permanence : 70\u00b0C En court-circuit : 160\u00b0C Rep\u00e9rage des&#8230;<\/p>","protected":false},"featured_media":13613,"template":"","meta":[],"product_cat":[67,68,71],"product_tag":[],"class_list":{"0":"post-13612","1":"product","2":"type-product","3":"status-publish","4":"has-post-thumbnail","6":"product_cat-materiel-electrique","7":"product_cat-cables-electriques","8":"product_cat-cable-bt-domestiques","10":"first","11":"instock","12":"shipping-taxable","13":"product-type-simple"},"_links":{"self":[{"href":"https:\/\/3iexport.com\/en\/wp-json\/wp\/v2\/product\/13612","targetHints":{"allow":["GET"]}}],"collection":[{"href":"https:\/\/3iexport.com\/en\/wp-json\/wp\/v2\/product"}],"about":[{"href":"https:\/\/3iexport.com\/en\/wp-json\/wp\/v2\/types\/product"}],"wp:featuredmedia":[{"embeddable":true,"href":"https:\/\/3iexport.com\/en\/wp-json\/wp\/v2\/media\/13613"}],"wp:attachment":[{"href":"https:\/\/3iexport.com\/en\/wp-json\/wp\/v2\/media?parent=13612"}],"wp:term":[{"taxonomy":"product_cat","embeddable":true,"href":"https:\/\/3iexport.com\/en\/wp-json\/wp\/v2\/product_cat?post=13612"},{"taxonomy":"product_tag","embeddable":true,"href":"https:\/\/3iexport.com\/en\/wp-json\/wp\/v2\/product_tag?post=13612"}],"curies":[{"name":"wp","href":"https:\/\/api.w.org\/{rel}","templated":true}]}}