{"id":13609,"date":"2023-12-27T16:52:23","date_gmt":"2023-12-27T15:52:23","guid":{"rendered":"https:\/\/3iexport.com\/?post_type=product&#038;p=13609"},"modified":"2024-01-03T12:17:07","modified_gmt":"2024-01-03T11:17:07","slug":"ho5-v-u-_-ho5-v2-u","status":"publish","type":"product","link":"https:\/\/3iexport.com\/en\/product\/ho5-v-u-_-ho5-v2-u\/","title":{"rendered":"HO5 V-U _ HO5 V2-U"},"content":{"rendered":"<p>CONSTRUCTION :<br \/>\n1- Conductor: Solid copper<br \/>\n2- insulation: Colored PVC<br \/>\nCHARACTERISTICS<br \/>\nRated voltage: 300\/500 V<br \/>\nConductor: Solid copper, class<br \/>\nMaximum permissible temperature:<br \/>\nContinuous: 70\u00b0C (HO5 V-U)<br \/>\nContinuous: 90\u00b0C (HO5 V2-U)<br \/>\nShort-circuit: 160\u00b0<br \/>\nConductor identification:<br \/>\nRed, blue, black, grey, brown, pink, orange, turquoise, purple, white<br \/>\nUSAGE :<br \/>\nThis cable is designed for wiring and switchboard installations.<\/p>","protected":false},"excerpt":{"rendered":"<p>CONSTITUTION : 1 &#8211; \u00c2me : Cuivre massif 2 &#8211; Isolation : PVC color\u00e9 CARACT\u00c9RISTIQUES : Tension nominale : 300\/500 V Conducteur : cuivre massif classe 1 Temp\u00e9rature maximale admissible : En permanence : 70 \u00b0C (HO5 V-U) En permanence : 90 \u00b0C (HO5 V2U En court-circuit : 160 \u00b0C Rep\u00e9rage des conducteurs Rouge, bleu,&#8230;<\/p>","protected":false},"featured_media":13610,"template":"","meta":[],"product_cat":[67,68,71],"product_tag":[],"class_list":{"0":"post-13609","1":"product","2":"type-product","3":"status-publish","4":"has-post-thumbnail","6":"product_cat-materiel-electrique","7":"product_cat-cables-electriques","8":"product_cat-cable-bt-domestiques","10":"first","11":"instock","12":"shipping-taxable","13":"product-type-simple"},"_links":{"self":[{"href":"https:\/\/3iexport.com\/en\/wp-json\/wp\/v2\/product\/13609","targetHints":{"allow":["GET"]}}],"collection":[{"href":"https:\/\/3iexport.com\/en\/wp-json\/wp\/v2\/product"}],"about":[{"href":"https:\/\/3iexport.com\/en\/wp-json\/wp\/v2\/types\/product"}],"wp:featuredmedia":[{"embeddable":true,"href":"https:\/\/3iexport.com\/en\/wp-json\/wp\/v2\/media\/13610"}],"wp:attachment":[{"href":"https:\/\/3iexport.com\/en\/wp-json\/wp\/v2\/media?parent=13609"}],"wp:term":[{"taxonomy":"product_cat","embeddable":true,"href":"https:\/\/3iexport.com\/en\/wp-json\/wp\/v2\/product_cat?post=13609"},{"taxonomy":"product_tag","embeddable":true,"href":"https:\/\/3iexport.com\/en\/wp-json\/wp\/v2\/product_tag?post=13609"}],"curies":[{"name":"wp","href":"https:\/\/api.w.org\/{rel}","templated":true}]}}