{"id":13606,"date":"2023-12-27T16:44:49","date_gmt":"2023-12-27T15:44:49","guid":{"rendered":"https:\/\/3iexport.com\/?post_type=product&#038;p=13606"},"modified":"2024-01-03T12:03:53","modified_gmt":"2024-01-03T11:03:53","slug":"ho5-v-k-_-ho7-v-k","status":"publish","type":"product","link":"https:\/\/3iexport.com\/en\/product\/ho5-v-k-_-ho7-v-k\/","title":{"rendered":"HO5 V-K _ HO7 V-K"},"content":{"rendered":"<p>CONSTRUCTION<br \/>\n1- Conductor: Flexible copper<br \/>\n2 - Insulation: Colored PVC<br \/>\nCARACTERISTICS<br \/>\nNominal voltage:<br \/>\nHO7 V-K: 450\/750V<br \/>\nHO5 V-K :300\/500V<br \/>\nConductor: Class 5 Flexible Copper<br \/>\nMax. permissible temperature :<br \/>\nContinuous: 70 \u00b0<br \/>\nShort-circuit: 150 \u00b0C<br \/>\nConductor identification:<br \/>\nColor-coded throughout: Red, Blue, Black, Gray, Orange, Brown, Violet, Green\/Yellow, White, Pink, \nTurquoise<br \/>\nUSAGE :<br \/>\nThese cables are intended for wiring and cabling of electrical panels and devices. They are also suitable<br \/>\n\u00e9galement \u00e0 l&#8217;\u00e9quipement des locaux domestiques.<\/p>","protected":false},"excerpt":{"rendered":"<p>CONSTITUTION 1 -\u00c2me : Cuivre souple 2 -Isolation : PVC color\u00e9 CARACTERISTIQUES Tension nominale : HO7 V-K : 450\/750 V HO5 V-K : 300\/500 V Conducteur : Cuivre souple classe 5 Temp\u00e9rature max. admissible : En continu : 70 \u00b0 Court-circuit : 150 \u00b0C Rep\u00e9rage des conducteurs Par coloration dans la masse : Rouge, Bleu,&#8230;<\/p>","protected":false},"featured_media":13607,"template":"","meta":[],"product_cat":[67,68,71],"product_tag":[],"class_list":{"0":"post-13606","1":"product","2":"type-product","3":"status-publish","4":"has-post-thumbnail","6":"product_cat-materiel-electrique","7":"product_cat-cables-electriques","8":"product_cat-cable-bt-domestiques","10":"first","11":"instock","12":"shipping-taxable","13":"product-type-simple"},"_links":{"self":[{"href":"https:\/\/3iexport.com\/en\/wp-json\/wp\/v2\/product\/13606","targetHints":{"allow":["GET"]}}],"collection":[{"href":"https:\/\/3iexport.com\/en\/wp-json\/wp\/v2\/product"}],"about":[{"href":"https:\/\/3iexport.com\/en\/wp-json\/wp\/v2\/types\/product"}],"wp:featuredmedia":[{"embeddable":true,"href":"https:\/\/3iexport.com\/en\/wp-json\/wp\/v2\/media\/13607"}],"wp:attachment":[{"href":"https:\/\/3iexport.com\/en\/wp-json\/wp\/v2\/media?parent=13606"}],"wp:term":[{"taxonomy":"product_cat","embeddable":true,"href":"https:\/\/3iexport.com\/en\/wp-json\/wp\/v2\/product_cat?post=13606"},{"taxonomy":"product_tag","embeddable":true,"href":"https:\/\/3iexport.com\/en\/wp-json\/wp\/v2\/product_tag?post=13606"}],"curies":[{"name":"wp","href":"https:\/\/api.w.org\/{rel}","templated":true}]}}