{"id":13603,"date":"2023-12-27T16:43:20","date_gmt":"2023-12-27T15:43:20","guid":{"rendered":"https:\/\/3iexport.com\/?post_type=product&#038;p=13603"},"modified":"2024-01-03T11:45:58","modified_gmt":"2024-01-03T10:45:58","slug":"ho3-vv-f","status":"publish","type":"product","link":"https:\/\/3iexport.com\/en\/product\/ho3-vv-f\/","title":{"rendered":"HO3 VV-F"},"content":{"rendered":"<p>Composition:<br \/>\n1) Core : Flexible copper<br \/>\n2) Insulation : PVC<br \/>\n3) Filling : PVC<br \/>\n4) Sheath:PVC<br \/>\nSpecifications:<br \/>\nNominal voltage : 300\/300 V<br \/>\nConductor: Flexible copper, class 5<br \/>\nMaximum permissible temperature:<br \/>\nContinuous : 70 \u00b0C<br \/>\nShort-circuit : 150 \u00b0C<br \/>\nIdentification of conductors:<br \/>\nBrown-blue; brown-blue-V\/J; Black-gray-brown-V\/J<br \/>\nUtilisation : Ces c\u00e2bles sont destin\u00e9s \u00e0 l&#8217;alimentation des appareils domestiques mobiles ou semi fixe. Ne<br \/>\nDo not use them for devices that generate heat.<\/p>","protected":false},"excerpt":{"rendered":"<p>Constitution : 1) Ame : Cuivre souple 2) Isolation : PVC 3) Bourrage : PVC 4) Gaine : PVC Caract\u00e9ristiques : Tension nominale : 300\/300 V Conducteur : Cuivre souple, classe 5 Temp\u00e9rature maximale admissible : En continu : 70 \u00b0C En court-circuit : 150 \u00b0C Identification des conducteurs : Brun-bleu ; brun-bleu-V\/J ; Noir-gris-brun-V\/J&#8230;<\/p>","protected":false},"featured_media":13604,"template":"","meta":[],"product_cat":[67,68,71],"product_tag":[],"class_list":{"0":"post-13603","1":"product","2":"type-product","3":"status-publish","4":"has-post-thumbnail","6":"product_cat-materiel-electrique","7":"product_cat-cables-electriques","8":"product_cat-cable-bt-domestiques","10":"first","11":"instock","12":"shipping-taxable","13":"product-type-simple"},"_links":{"self":[{"href":"https:\/\/3iexport.com\/en\/wp-json\/wp\/v2\/product\/13603","targetHints":{"allow":["GET"]}}],"collection":[{"href":"https:\/\/3iexport.com\/en\/wp-json\/wp\/v2\/product"}],"about":[{"href":"https:\/\/3iexport.com\/en\/wp-json\/wp\/v2\/types\/product"}],"wp:featuredmedia":[{"embeddable":true,"href":"https:\/\/3iexport.com\/en\/wp-json\/wp\/v2\/media\/13604"}],"wp:attachment":[{"href":"https:\/\/3iexport.com\/en\/wp-json\/wp\/v2\/media?parent=13603"}],"wp:term":[{"taxonomy":"product_cat","embeddable":true,"href":"https:\/\/3iexport.com\/en\/wp-json\/wp\/v2\/product_cat?post=13603"},{"taxonomy":"product_tag","embeddable":true,"href":"https:\/\/3iexport.com\/en\/wp-json\/wp\/v2\/product_tag?post=13603"}],"curies":[{"name":"wp","href":"https:\/\/api.w.org\/{rel}","templated":true}]}}