{"id":13599,"date":"2023-12-27T16:39:29","date_gmt":"2023-12-27T15:39:29","guid":{"rendered":"https:\/\/3iexport.com\/?post_type=product&#038;p=13599"},"modified":"2024-01-03T11:37:37","modified_gmt":"2024-01-03T10:37:37","slug":"frn-o5-vv-u-_-frn-o5-vv-r","status":"publish","type":"product","link":"https:\/\/3iexport.com\/en\/product\/frn-o5-vv-u-_-frn-o5-vv-r\/","title":{"rendered":"FRN O5 VV-U _ FRN O5 VV-R"},"content":{"rendered":"<p>Composition:<br \/>\n1.  Conductor: Solid copper (FRN 05 VV-U) or stranded copper (FRN 05 VV-R)<br \/>\n2. Insulation: Colored PVC<br \/>\n3. Filling: PVC<br \/>\n4. Sheath: PVC<br \/>\nSpecifications:<br \/>\nRated voltage: 300\/500 V<br \/>\nConductor:<br \/>\n\u2022 FRN 05 VV-U: Solid copper, Class 1<br \/>\n\u2022 FRN 05 VV-R: Stranded copper, Class 2<br \/>\nMaximum permissible temperature:<br \/>\n\u2022 Continuous: 70 \u00b0C<br \/>\n\u2022 Short-circuit: 160 \u00b0C<br \/>\nIdentification of conductors:<br \/>\n\u2022 With green-yellow: Black-blue-V\/J; Black-blue-brown-V\/J; Black-blue-brown-black-V\/J<br \/>\n\u2022 Without green-yellow: Light blue-black; Light blue-black-brown; Light blue-black-brown-black; Light \nblue-black-brown-black-black<br \/>\nclair-brun-noir-noir<br \/>\nUsage :<br \/>\nThis cable is commonly used for general applications in domestic premises.<\/p>\n<p>&nbsp;<\/p>","protected":false},"excerpt":{"rendered":"<p>Constitution : 1. \u00c2me : Cuivre massif (FRN 05 VV-U) ou cuivre c\u00e2bl\u00e9 (FRN 05 VV-R) 2. Isolation : PVC color\u00e9 3. Bourrage : PVC 4. Gaine : PVC Caract\u00e9ristiques : Tension nominale : 300\/500 V Conducteur : \u2022 FRN 05 VV-U : Cuivre massif, classe 1 \u2022 FRN 05 VV-R : Cuivre c\u00e2bl\u00e9, classe&#8230;<\/p>","protected":false},"featured_media":13600,"template":"","meta":[],"product_cat":[67,68,71],"product_tag":[],"class_list":{"0":"post-13599","1":"product","2":"type-product","3":"status-publish","4":"has-post-thumbnail","6":"product_cat-materiel-electrique","7":"product_cat-cables-electriques","8":"product_cat-cable-bt-domestiques","10":"first","11":"instock","12":"shipping-taxable","13":"product-type-simple"},"_links":{"self":[{"href":"https:\/\/3iexport.com\/en\/wp-json\/wp\/v2\/product\/13599","targetHints":{"allow":["GET"]}}],"collection":[{"href":"https:\/\/3iexport.com\/en\/wp-json\/wp\/v2\/product"}],"about":[{"href":"https:\/\/3iexport.com\/en\/wp-json\/wp\/v2\/types\/product"}],"wp:featuredmedia":[{"embeddable":true,"href":"https:\/\/3iexport.com\/en\/wp-json\/wp\/v2\/media\/13600"}],"wp:attachment":[{"href":"https:\/\/3iexport.com\/en\/wp-json\/wp\/v2\/media?parent=13599"}],"wp:term":[{"taxonomy":"product_cat","embeddable":true,"href":"https:\/\/3iexport.com\/en\/wp-json\/wp\/v2\/product_cat?post=13599"},{"taxonomy":"product_tag","embeddable":true,"href":"https:\/\/3iexport.com\/en\/wp-json\/wp\/v2\/product_tag?post=13599"}],"curies":[{"name":"wp","href":"https:\/\/api.w.org\/{rel}","templated":true}]}}