{"id":13597,"date":"2023-12-27T16:35:59","date_gmt":"2023-12-27T15:35:59","guid":{"rendered":"https:\/\/3iexport.com\/?post_type=product&#038;p=13597"},"modified":"2024-01-03T10:58:14","modified_gmt":"2024-01-03T09:58:14","slug":"torsade-reseau","status":"publish","type":"product","link":"https:\/\/3iexport.com\/en\/product\/torsade-reseau\/","title":{"rendered":"NETWORK TWISTED CABLE"},"content":{"rendered":"<p>These cables are specifically designed for low- voltage distribution in both rural and urban areas.<br \/>\nSpecifications:<br \/>\n\u2022 Core: Neutre made of Almelec cable \/ Phases made of Aluminum cable<br \/>\n\u2022 Insulation: PR Black<br \/>\n\u2022 Nominal voltage: 0.6\/1kV<br \/>\n\u2022Public lighting: Class 2 Aluminum cable (p31)<br \/>\n\u2022 Maximum permissible temperature: 90\u00b0C for continuous operation\/250\u00b0C during short-circuits<br \/>\nConductor:<br \/>\nNeutre: Class 2 Almelec cable with a section of 54.6 mm2 or 70 mm2<br \/>\nPhases: Class 2 Aluminum cable<br \/>\nRep\u00e9rage des conducteurs:<br \/>\nNeutre : Noir avec marquage d&#8217;identification Phases: Noir avec marquage en chiffres 1, 2, 3<\/p>\n<p>&nbsp;<\/p>\n<p>&nbsp;<\/p>\n<p>&nbsp;<\/p>\n<p>&nbsp;<\/p>","protected":false},"excerpt":{"rendered":"<p>Ces c\u00e2bles sont utilis\u00e9s pour la distribution basse tension dans les zones rurales et urbaines. Caract\u00e9ristiques: \u2022 Ame: Neutre en Alm\u00e9lec c\u00e2bl\u00e9 \/ Phases en Aluminium c\u00e2bl\u00e9 \u2022 Isolation : PR Noir \u2022Tension nominale : 0,6\/1 kV \u2022Eclairage public: Aluminium c\u00e2bl\u00e9 classe 2 (p31) \u2022 Temp\u00e9rature max. admissible: 90\u00b0C en permanence \/ 250\u00b0C en court-circuit&#8230;<\/p>","protected":false},"featured_media":13598,"template":"","meta":[],"product_cat":[67,68,70],"product_tag":[],"class_list":{"0":"post-13597","1":"product","2":"type-product","3":"status-publish","4":"has-post-thumbnail","6":"product_cat-materiel-electrique","7":"product_cat-cables-electriques","8":"product_cat-cable-bt-distribution","10":"first","11":"instock","12":"shipping-taxable","13":"product-type-simple"},"_links":{"self":[{"href":"https:\/\/3iexport.com\/en\/wp-json\/wp\/v2\/product\/13597","targetHints":{"allow":["GET"]}}],"collection":[{"href":"https:\/\/3iexport.com\/en\/wp-json\/wp\/v2\/product"}],"about":[{"href":"https:\/\/3iexport.com\/en\/wp-json\/wp\/v2\/types\/product"}],"wp:featuredmedia":[{"embeddable":true,"href":"https:\/\/3iexport.com\/en\/wp-json\/wp\/v2\/media\/13598"}],"wp:attachment":[{"href":"https:\/\/3iexport.com\/en\/wp-json\/wp\/v2\/media?parent=13597"}],"wp:term":[{"taxonomy":"product_cat","embeddable":true,"href":"https:\/\/3iexport.com\/en\/wp-json\/wp\/v2\/product_cat?post=13597"},{"taxonomy":"product_tag","embeddable":true,"href":"https:\/\/3iexport.com\/en\/wp-json\/wp\/v2\/product_tag?post=13597"}],"curies":[{"name":"wp","href":"https:\/\/api.w.org\/{rel}","templated":true}]}}