{"id":13588,"date":"2023-12-27T16:04:38","date_gmt":"2023-12-27T15:04:38","guid":{"rendered":"https:\/\/3iexport.com\/?post_type=product&#038;p=13588"},"modified":"2023-12-27T16:10:26","modified_gmt":"2023-12-27T15:10:26","slug":"torsade-de-branchement","status":"publish","type":"product","link":"https:\/\/3iexport.com\/en\/product\/torsade-de-branchement\/","title":{"rendered":"BRANCHING TWISTED CABLE"},"content":{"rendered":"<p>These cables are intended for meter connection and branching purposes.<\/p>\n<p>Construction:<br \/>\n\u2022  Core: Stranded Aluminum<br \/>\nInsulation: Black PR (Polymeric Rubber)<br \/>\nSpecifications:<br \/>\n\u2022 Nominal Voltage: 0.6\/1kV<br \/>\n\u2022 Conductor: Class 2 Stranded Aluminum<br \/>\nMaximum Permissible Temperature: 90\u00b0C (continuous)\/250\u00b0C (short-circuit)<br \/>\nRep\u00e9rage des conducteurs:<br \/>\n\u2022 Neutre : Noir avec marquage d&#8217;identification<br \/>\n\u2022 Phases: Black with numerical markings 1,2,3<\/p>","protected":false},"excerpt":{"rendered":"<p>Ces c\u00e2bles sont sp\u00e9cifiquement con\u00e7us pour le branchement et le raccordement des compteurs. Constitution: \u2022 \u00c2me : Aluminium c\u00e2bl\u00e9 Isolation: PR Noir Caract\u00e9ristiques: \u2022 Tension nominale: 0,6\/1 kV \u2022 Conducteur : Aluminium c\u00e2bl\u00e9 classe 2 Temp\u00e9rature maximale admissible: 90\u00b0C en fonctionnement normal \/ 250\u00b0C en cas de court-circuit Rep\u00e9rage des conducteurs: \u2022 Neutre : Noir&#8230;<\/p>","protected":false},"featured_media":13589,"template":"","meta":[],"product_cat":[67,68,70],"product_tag":[],"class_list":{"0":"post-13588","1":"product","2":"type-product","3":"status-publish","4":"has-post-thumbnail","6":"product_cat-materiel-electrique","7":"product_cat-cables-electriques","8":"product_cat-cable-bt-distribution","10":"first","11":"instock","12":"shipping-taxable","13":"product-type-simple"},"_links":{"self":[{"href":"https:\/\/3iexport.com\/en\/wp-json\/wp\/v2\/product\/13588","targetHints":{"allow":["GET"]}}],"collection":[{"href":"https:\/\/3iexport.com\/en\/wp-json\/wp\/v2\/product"}],"about":[{"href":"https:\/\/3iexport.com\/en\/wp-json\/wp\/v2\/types\/product"}],"wp:featuredmedia":[{"embeddable":true,"href":"https:\/\/3iexport.com\/en\/wp-json\/wp\/v2\/media\/13589"}],"wp:attachment":[{"href":"https:\/\/3iexport.com\/en\/wp-json\/wp\/v2\/media?parent=13588"}],"wp:term":[{"taxonomy":"product_cat","embeddable":true,"href":"https:\/\/3iexport.com\/en\/wp-json\/wp\/v2\/product_cat?post=13588"},{"taxonomy":"product_tag","embeddable":true,"href":"https:\/\/3iexport.com\/en\/wp-json\/wp\/v2\/product_tag?post=13588"}],"curies":[{"name":"wp","href":"https:\/\/api.w.org\/{rel}","templated":true}]}}